{"id":5863,"date":"2014-12-16T11:52:47","date_gmt":"2014-12-16T10:52:47","guid":{"rendered":"http:\/\/c3.staging1.laurencariscooks.com\/give\/"},"modified":"2024-08-26T11:13:28","modified_gmt":"2024-08-26T09:13:28","slug":"spenden","status":"publish","type":"page","link":"https:\/\/staging.c3zurich.ch\/de\/spenden\/","title":{"rendered":"Spenden"},"content":{"rendered":"\n<h1>\n\t\tSpende f\u00fcr die Vision\n\t<\/h1>\n<h2>\n\t\tBaue das Haus Gottes\n\t<\/h2>\n\t<strong>2. Korinther 9, 6-8:<\/strong> &#171;Denkt daran: Ein Bauer, der nur wenig Samen auss\u00e4t, wird auch nur eine kleine Ernte einbringen. Wer aber viel s\u00e4t, wird auch viel ernten. Jeder von euch muss selbst entscheiden, wie viel er geben m\u00f6chte. Gebt jedoch nicht widerwillig oder unter Zwang, denn Gott liebt den Menschen, der gerne gibt. Er wird euch grossz\u00fcgig mit allem versorgen, was ihr braucht. Ihr werdet haben, was ihr braucht, und ihr werdet sogar noch etwas \u00fcbrig behalten, das ihr mit anderen teilen k\u00f6nnt.&#187;\n\t<p>Wir glauben, dass es eine Art Gottesanbetung ist, wenn wir von unserem Geld einen Anteil der Kirche geben. F\u00fcr uns bedeutet es Gott zu lieben und zu ehren und seine Vorsorge f\u00fcr uns praktisch zu erleben. Jede Spende f\u00fcr C3 tr\u00e4gt dazu bei, dass wir das Haus Gottes und die lokale Kirche bauen.<\/p>\n<h2>\n\t\tRegelm\u00e4ssige Spende\n\t<\/h2>\n\t<div class=\"give-embed-form-wrapper\" id=\"give-69f17093b3154\"><iframe\n\t\t\t\tname=\"give-embed-form\"\n\t\t\t\tsrc=\"https:\/\/staging.c3zurich.ch\/de\/give\/8777\/?giveDonationFormInIframe=1\"\n\t\t\t\t\n\t\t\t\tdata-autoScroll=\"0\"\n\t\t\t\tonload=\"if( 'undefined' !== typeof Give ) { Give.initializeIframeResize(this) }\"\n\t\t\t\tstyle=\"border: 0;visibility: hidden;min-height: 645px;\"><\/iframe><div class=\"iframe-loader\">\n<div style=\"\n\t\theight: calc(100% - 28px);\n\t\twidth: calc(100% - 20px);\n\t\tmax-width: 552px;\n\t\tmargin: 10px auto 10px auto;\n\t\tbackground: #fff;\n\t\tborder-radius: 6px;\n\t\tdisplay: flex;\n\t\talign-items: center;\n\t\tjustify-content: center;\n\t\t-webkit-box-shadow: 0 2px 2px 0 rgba(0, 0, 0, 0.14),\n\t\t\t0 3px 1px -2px rgba(0, 0, 0, 0.2),\n\t\t\t0 1px 5px 0 rgba(0, 0, 0, 0.12);\n\t\tbox-shadow: 0 2px 2px 0 rgba(0, 0, 0, 0.14),\n\t\t\t0 3px 1px -2px rgba(0, 0, 0, 0.2),\n\t\t\t0 1px 5px 0 rgba(0, 0, 0, 0.12);\n\t\">\n    <div style=\"\n        pointer-events: none;\n        height: 90px;\n        width: 90px;\n        background-image: url(&quot;data:image\/svg+xml;charset=utf8,%3C?xml version='1.0' encoding='utf-8'?%3E%3C!-- Generator: Adobe Illustrator 24.1.0, SVG Export Plug-In . SVG Version: 6.00 Build 0) --%3E%3Csvg version='1.1' id='Layer_1' xmlns='http:\/\/www.w3.org\/2000\/svg' xmlns:xlink='http:\/\/www.w3.org\/1999\/xlink' x='0px' y='0px' viewBox='0 0 349 348' style='enable-background:new 0 0 349 348;' xml:space='preserve'%3E%3Cstyle type='text\/css'%3E .st0{fill:%23dabe82;} %3C\/style%3E%3Cpath class='st0' d='M25.1,204.57c-13.38,0-24.47-10.6-24.97-24.08C0.04,178.09,0,175.97,0,174C0,77.78,78.28-0.5,174.5-0.5 c13.81,0,25,11.19,25,25s-11.19,25-25,25C105.85,49.5,50,105.35,50,174c0,1.37,0.03,2.85,0.1,4.65c0.51,13.8-10.27,25.39-24.07,25.9 C25.72,204.56,25.41,204.57,25.1,204.57z'\/%3E%3Cpath class='st0' d='M174.5,348.5c-13.81,0-25-11.19-25-25c0-13.81,11.19-25,25-25c68.65,0,124.5-55.85,124.5-124.5 c0-1.38-0.03-2.85-0.1-4.65c-0.51-13.8,10.26-25.4,24.06-25.91c13.83-0.53,25.4,10.26,25.91,24.06c0.09,2.39,0.13,4.51,0.13,6.49 C349,270.22,270.72,348.5,174.5,348.5z'\/%3E%3C\/svg%3E&quot;);\n        animation: spin 0.6s linear infinite;\n        \"><\/div>\n<\/div>\n<\/div><\/div>\n<h3>\n\t\tSpende auf unser Bankkonto\n\t<\/h3>\n\t<strong>Z\u00fcrcher Kantonalbank<\/strong><br \/>\n<strong>IBAN:<\/strong> CH06 0070 0110 0037 6788 6\n\n<p>&nbsp;<\/p>\n\t<h3><img loading=\"lazy\" decoding=\"async\" src=\"https:\/\/staging.c3zurich.ch\/wp-content\/uploads\/2024\/06\/regular_tithing_new.png\" alt=\"\" width=\"192\" height=\"193\" \/><\/h3>\n<h3>\n\t\tSpende mit der Handy App\n\t<\/h3>\n\t<p>Falls du mit <strong>Twint<\/strong> spenden m\u00f6chtest, kannst du den QR Code hier unten einscannen und direkt C3 Z\u00fcrich einen Betrag \u00fcberweisen.<\/p>\n\t<p><img loading=\"lazy\" decoding=\"async\" src=\"https:\/\/staging.c3zurich.ch\/wp-content\/uploads\/2024\/06\/twint-2-600x602.png\" alt=\"\" width=\"193\" height=\"195\" \/><\/p>\n<h2>\n\t\tVision Builders\n\t<\/h2>\n\t<p>Durch das Jahr hindurch f\u00fchren wir die Vision Builders Kampagne. Mit der Kampagne sammeln wir Geld f\u00fcr die Projekte vom Comission Team und f\u00fcr einen neuen Kirchenbau f\u00fcr C3 Z\u00fcrich.\u00a0<a href=\"\/de\/commission\/\">Erhalte mehr Informationen dazu hier<\/a>.<\/p>\n\t<h3>Vision Builders<\/h3>\n<strong>Z\u00fcrcher Kantonalbank<\/strong><br \/>\n<strong>IBAN:<\/strong> CH52 0070 0114 8035 5423 2\n<p><img loading=\"lazy\" decoding=\"async\" src=\"https:\/\/staging.c3zurich.ch\/wp-content\/uploads\/2024\/06\/vision_builder.png\" alt=\"\" width=\"192\" height=\"192\" \/><\/p>\n\t<p>C3 Z\u00fcrich ist beim Steueramt Z\u00fcrich angemeldet als steuerfreie religi\u00f6se Gemeinschaft. Spenden an steuerfreie religi\u00f6se Gemeinschaften k\u00f6nnen in der Schweiz <strong>nicht von den Steuern abgezogen werden.<\/strong><\/p>\n\n","protected":false},"excerpt":{"rendered":"<p>Spende f\u00fcr die Vision Baue das Haus Gottes 2. Korinther 9, 6-8: &#171;Denkt daran: Ein Bauer, der nur wenig Samen auss\u00e4t, wird auch nur eine kleine Ernte einbringen. Wer aber viel s\u00e4t, wird auch viel ernten. Jeder von euch muss selbst entscheiden, wie viel er geben m\u00f6chte. Gebt jedoch nicht widerwillig oder unter Zwang, denn [&hellip;]<\/p>\n","protected":false},"author":2,"featured_media":2362,"parent":0,"menu_order":0,"comment_status":"open","ping_status":"closed","template":"my-templates\/no-title-template.php","meta":{"inline_featured_image":false,"_monsterinsights_skip_tracking":false,"_monsterinsights_sitenote_active":false,"_monsterinsights_sitenote_note":"","_monsterinsights_sitenote_category":0,"_genesis_hide_title":false,"_genesis_hide_breadcrumbs":false,"_genesis_hide_singular_image":false,"_genesis_hide_footer_widgets":false,"_genesis_custom_body_class":"","_genesis_custom_post_class":"","_genesis_layout":"","footnotes":""},"class_list":{"0":"post-5863","1":"page","2":"type-page","3":"status-publish","4":"has-post-thumbnail","6":"entry"},"yoast_head":"<!-- This site is optimized with the Yoast SEO plugin v24.3 - https:\/\/yoast.com\/wordpress\/plugins\/seo\/ -->\n<title>Bitte spenden Sie gerne etwas f\u00fcr die gute Arbeit der C3 Z\u00fcrich Kirche<\/title>\n<meta name=\"description\" content=\"Jede Spende an C3 Z\u00fcrich tr\u00e4gt zum Bau des Haus Gottes und zur Kirche vor Ort bei. Wer gerne freiwillig etwas gibt, tut damit mehr als einen guten Dienst.\" \/>\n<meta name=\"robots\" content=\"noindex, follow, max-snippet:-1, max-image-preview:large, max-video-preview:-1\" \/>\n<meta property=\"og:locale\" content=\"de_DE\" \/>\n<meta property=\"og:type\" content=\"article\" \/>\n<meta property=\"og:title\" content=\"Bitte spenden Sie gerne etwas f\u00fcr die gute Arbeit der C3 Z\u00fcrich Kirche\" \/>\n<meta property=\"og:description\" content=\"Jede Spende an C3 Z\u00fcrich tr\u00e4gt zum Bau des Haus Gottes und zur Kirche vor Ort bei. Wer gerne freiwillig etwas gibt, tut damit mehr als einen guten Dienst.\" \/>\n<meta property=\"og:url\" content=\"https:\/\/staging.c3zurich.ch\/de\/spenden\/\" \/>\n<meta property=\"og:site_name\" content=\"C3 Z\u00fcrich\" \/>\n<meta property=\"article:publisher\" content=\"https:\/\/www.facebook.com\/C3Zurich\/\" \/>\n<meta property=\"article:modified_time\" content=\"2024-08-26T09:13:28+00:00\" \/>\n<meta property=\"og:image\" content=\"https:\/\/staging.c3zurich.ch\/wp-content\/uploads\/2014\/12\/city.jpg\" \/>\n\t<meta property=\"og:image:width\" content=\"1024\" \/>\n\t<meta property=\"og:image:height\" content=\"576\" \/>\n\t<meta property=\"og:image:type\" content=\"image\/jpeg\" \/>\n<meta name=\"twitter:card\" content=\"summary_large_image\" \/>\n<meta name=\"twitter:site\" content=\"@c3zurich\" \/>\n<meta name=\"twitter:label1\" content=\"Gesch\u00e4tzte Lesezeit\" \/>\n\t<meta name=\"twitter:data1\" content=\"2 Minuten\" \/>\n<script type=\"application\/ld+json\" class=\"yoast-schema-graph\">{\"@context\":\"https:\/\/schema.org\",\"@graph\":[{\"@type\":\"WebPage\",\"@id\":\"https:\/\/staging.c3zurich.ch\/de\/spenden\/\",\"url\":\"https:\/\/staging.c3zurich.ch\/de\/spenden\/\",\"name\":\"Bitte spenden Sie gerne etwas f\u00fcr die gute Arbeit der C3 Z\u00fcrich Kirche\",\"isPartOf\":{\"@id\":\"https:\/\/staging.c3zurich.ch\/#website\"},\"primaryImageOfPage\":{\"@id\":\"https:\/\/staging.c3zurich.ch\/de\/spenden\/#primaryimage\"},\"image\":{\"@id\":\"https:\/\/staging.c3zurich.ch\/de\/spenden\/#primaryimage\"},\"thumbnailUrl\":\"https:\/\/staging.c3zurich.ch\/wp-content\/uploads\/2014\/12\/city.jpg\",\"datePublished\":\"2014-12-16T10:52:47+00:00\",\"dateModified\":\"2024-08-26T09:13:28+00:00\",\"description\":\"Jede Spende an C3 Z\u00fcrich tr\u00e4gt zum Bau des Haus Gottes und zur Kirche vor Ort bei. Wer gerne freiwillig etwas gibt, tut damit mehr als einen guten Dienst.\",\"inLanguage\":\"de-CH\",\"potentialAction\":[{\"@type\":\"ReadAction\",\"target\":[\"https:\/\/staging.c3zurich.ch\/de\/spenden\/\"]}]},{\"@type\":\"ImageObject\",\"inLanguage\":\"de-CH\",\"@id\":\"https:\/\/staging.c3zurich.ch\/de\/spenden\/#primaryimage\",\"url\":\"https:\/\/staging.c3zurich.ch\/wp-content\/uploads\/2014\/12\/city.jpg\",\"contentUrl\":\"https:\/\/staging.c3zurich.ch\/wp-content\/uploads\/2014\/12\/city.jpg\",\"width\":1024,\"height\":576},{\"@type\":\"WebSite\",\"@id\":\"https:\/\/staging.c3zurich.ch\/#website\",\"url\":\"https:\/\/staging.c3zurich.ch\/\",\"name\":\"C3 Z\u00fcrich\",\"description\":\"Eine Glaubensgemeinschaft im Zentrum von Z\u00fcrich mit Gottesdiensten in Mundart und Englisch\",\"publisher\":{\"@id\":\"https:\/\/staging.c3zurich.ch\/#organization\"},\"potentialAction\":[{\"@type\":\"SearchAction\",\"target\":{\"@type\":\"EntryPoint\",\"urlTemplate\":\"https:\/\/staging.c3zurich.ch\/?s={search_term_string}\"},\"query-input\":{\"@type\":\"PropertyValueSpecification\",\"valueRequired\":true,\"valueName\":\"search_term_string\"}}],\"inLanguage\":\"de-CH\"},{\"@type\":\"Organization\",\"@id\":\"https:\/\/staging.c3zurich.ch\/#organization\",\"name\":\"C3 Church Zurich\",\"url\":\"https:\/\/staging.c3zurich.ch\/\",\"logo\":{\"@type\":\"ImageObject\",\"inLanguage\":\"de-CH\",\"@id\":\"https:\/\/staging.c3zurich.ch\/#\/schema\/logo\/image\/\",\"url\":\"https:\/\/staging.c3zurich.ch\/wp-content\/uploads\/2022\/03\/cropped-2.png\",\"contentUrl\":\"https:\/\/staging.c3zurich.ch\/wp-content\/uploads\/2022\/03\/cropped-2.png\",\"width\":512,\"height\":512,\"caption\":\"C3 Church Zurich\"},\"image\":{\"@id\":\"https:\/\/staging.c3zurich.ch\/#\/schema\/logo\/image\/\"},\"sameAs\":[\"https:\/\/www.facebook.com\/C3Zurich\/\",\"https:\/\/x.com\/c3zurich\",\"https:\/\/www.instagram.com\/c3zurich\/\"]}]}<\/script>\n<!-- \/ Yoast SEO plugin. -->","yoast_head_json":{"title":"Bitte spenden Sie gerne etwas f\u00fcr die gute Arbeit der C3 Z\u00fcrich Kirche","description":"Jede Spende an C3 Z\u00fcrich tr\u00e4gt zum Bau des Haus Gottes und zur Kirche vor Ort bei. Wer gerne freiwillig etwas gibt, tut damit mehr als einen guten Dienst.","robots":{"index":"noindex","follow":"follow","max-snippet":"max-snippet:-1","max-image-preview":"max-image-preview:large","max-video-preview":"max-video-preview:-1"},"og_locale":"de_DE","og_type":"article","og_title":"Bitte spenden Sie gerne etwas f\u00fcr die gute Arbeit der C3 Z\u00fcrich Kirche","og_description":"Jede Spende an C3 Z\u00fcrich tr\u00e4gt zum Bau des Haus Gottes und zur Kirche vor Ort bei. Wer gerne freiwillig etwas gibt, tut damit mehr als einen guten Dienst.","og_url":"https:\/\/staging.c3zurich.ch\/de\/spenden\/","og_site_name":"C3 Z\u00fcrich","article_publisher":"https:\/\/www.facebook.com\/C3Zurich\/","article_modified_time":"2024-08-26T09:13:28+00:00","og_image":[{"width":1024,"height":576,"url":"https:\/\/staging.c3zurich.ch\/wp-content\/uploads\/2014\/12\/city.jpg","type":"image\/jpeg"}],"twitter_card":"summary_large_image","twitter_site":"@c3zurich","twitter_misc":{"Gesch\u00e4tzte Lesezeit":"2 Minuten"},"schema":{"@context":"https:\/\/schema.org","@graph":[{"@type":"WebPage","@id":"https:\/\/staging.c3zurich.ch\/de\/spenden\/","url":"https:\/\/staging.c3zurich.ch\/de\/spenden\/","name":"Bitte spenden Sie gerne etwas f\u00fcr die gute Arbeit der C3 Z\u00fcrich Kirche","isPartOf":{"@id":"https:\/\/staging.c3zurich.ch\/#website"},"primaryImageOfPage":{"@id":"https:\/\/staging.c3zurich.ch\/de\/spenden\/#primaryimage"},"image":{"@id":"https:\/\/staging.c3zurich.ch\/de\/spenden\/#primaryimage"},"thumbnailUrl":"https:\/\/staging.c3zurich.ch\/wp-content\/uploads\/2014\/12\/city.jpg","datePublished":"2014-12-16T10:52:47+00:00","dateModified":"2024-08-26T09:13:28+00:00","description":"Jede Spende an C3 Z\u00fcrich tr\u00e4gt zum Bau des Haus Gottes und zur Kirche vor Ort bei. Wer gerne freiwillig etwas gibt, tut damit mehr als einen guten Dienst.","inLanguage":"de-CH","potentialAction":[{"@type":"ReadAction","target":["https:\/\/staging.c3zurich.ch\/de\/spenden\/"]}]},{"@type":"ImageObject","inLanguage":"de-CH","@id":"https:\/\/staging.c3zurich.ch\/de\/spenden\/#primaryimage","url":"https:\/\/staging.c3zurich.ch\/wp-content\/uploads\/2014\/12\/city.jpg","contentUrl":"https:\/\/staging.c3zurich.ch\/wp-content\/uploads\/2014\/12\/city.jpg","width":1024,"height":576},{"@type":"WebSite","@id":"https:\/\/staging.c3zurich.ch\/#website","url":"https:\/\/staging.c3zurich.ch\/","name":"C3 Z\u00fcrich","description":"Eine Glaubensgemeinschaft im Zentrum von Z\u00fcrich mit Gottesdiensten in Mundart und Englisch","publisher":{"@id":"https:\/\/staging.c3zurich.ch\/#organization"},"potentialAction":[{"@type":"SearchAction","target":{"@type":"EntryPoint","urlTemplate":"https:\/\/staging.c3zurich.ch\/?s={search_term_string}"},"query-input":{"@type":"PropertyValueSpecification","valueRequired":true,"valueName":"search_term_string"}}],"inLanguage":"de-CH"},{"@type":"Organization","@id":"https:\/\/staging.c3zurich.ch\/#organization","name":"C3 Church Zurich","url":"https:\/\/staging.c3zurich.ch\/","logo":{"@type":"ImageObject","inLanguage":"de-CH","@id":"https:\/\/staging.c3zurich.ch\/#\/schema\/logo\/image\/","url":"https:\/\/staging.c3zurich.ch\/wp-content\/uploads\/2022\/03\/cropped-2.png","contentUrl":"https:\/\/staging.c3zurich.ch\/wp-content\/uploads\/2022\/03\/cropped-2.png","width":512,"height":512,"caption":"C3 Church Zurich"},"image":{"@id":"https:\/\/staging.c3zurich.ch\/#\/schema\/logo\/image\/"},"sameAs":["https:\/\/www.facebook.com\/C3Zurich\/","https:\/\/x.com\/c3zurich","https:\/\/www.instagram.com\/c3zurich\/"]}]}},"_links":{"self":[{"href":"https:\/\/staging.c3zurich.ch\/de\/wp-json\/wp\/v2\/pages\/5863","targetHints":{"allow":["GET"]}}],"collection":[{"href":"https:\/\/staging.c3zurich.ch\/de\/wp-json\/wp\/v2\/pages"}],"about":[{"href":"https:\/\/staging.c3zurich.ch\/de\/wp-json\/wp\/v2\/types\/page"}],"author":[{"embeddable":true,"href":"https:\/\/staging.c3zurich.ch\/de\/wp-json\/wp\/v2\/users\/2"}],"replies":[{"embeddable":true,"href":"https:\/\/staging.c3zurich.ch\/de\/wp-json\/wp\/v2\/comments?post=5863"}],"version-history":[{"count":30,"href":"https:\/\/staging.c3zurich.ch\/de\/wp-json\/wp\/v2\/pages\/5863\/revisions"}],"predecessor-version":[{"id":11873,"href":"https:\/\/staging.c3zurich.ch\/de\/wp-json\/wp\/v2\/pages\/5863\/revisions\/11873"}],"wp:featuredmedia":[{"embeddable":true,"href":"https:\/\/staging.c3zurich.ch\/de\/wp-json\/wp\/v2\/media\/2362"}],"wp:attachment":[{"href":"https:\/\/staging.c3zurich.ch\/de\/wp-json\/wp\/v2\/media?parent=5863"}],"curies":[{"name":"wp","href":"https:\/\/api.w.org\/{rel}","templated":true}]}}