{"id":5896,"date":"2018-07-28T15:50:56","date_gmt":"2018-07-28T13:50:56","guid":{"rendered":"http:\/\/c3.staging1.laurencariscooks.com\/impressum\/"},"modified":"2023-05-22T16:32:01","modified_gmt":"2023-05-22T14:32:01","slug":"impressum","status":"publish","type":"page","link":"https:\/\/staging.c3zurich.ch\/de\/impressum\/","title":{"rendered":"Impressum"},"content":{"rendered":"\n<h2>\n\t\tKontakt Adresse\n\t<\/h2>\n\t<p><strong>Kontakt-Adresse<\/strong>C3 Z&uuml;rich<br \/>Meierwiesenstrasse 54<br \/>8064  Z\u00fcrich<br \/>SchweizE-Mail:<br \/>info@c3zurich.ch&nbsp;<strong>Vertretungsberechtigte Person(en)<\/strong>Simon Spalinger, Pastor<br \/>Gareth Lawson, Vereinspr&auml;sident&nbsp;<strong>Haftungsausschluss<\/strong>Der Autor &uuml;bernimmt keinerlei Gew&auml;hr hinsichtlich der inhaltlichen Richtigkeit, Genauigkeit, Aktualit&auml;t, Zuverl&auml;ssigkeit und Vollst&auml;ndigkeit der Informationen.Haftungsanspr&uuml;che gegen den Autor wegen Sch&auml;den materieller oder immaterieller Art, welche aus dem Zugriff oder der Nutzung bzw. Nichtnutzung der ver&ouml;ffentlichten Informationen, durch Missbrauch der Verbindung oder durch technische St&ouml;rungen entstanden sind, werden ausgeschlossen.Alle Angebote sind unverbindlich. Der Autor beh&auml;lt es sich ausdr&uuml;cklich vor, Teile der Seiten oder das gesamte Angebot ohne besondere Ank&uuml;ndigung zu ver&auml;ndern, zu erg&auml;nzen, zu l&ouml;schen oder die Ver&ouml;ffentlichung zeitweise oder endg&uuml;ltig einzustellen.&nbsp;<strong>Haftungsausschluss f&uuml;r Links<\/strong>Verweise und Links auf Webseiten Dritter liegen ausserhalb unseres Verantwortungsbereichs. Es wird jegliche Verantwortung f&uuml;r solche Webseiten abgelehnt. Der Zugriff und die Nutzung solcher Webseiten erfolgen auf eigene Gefahr des jeweiligen Nutzers.&nbsp;<strong>Urheberrechte<\/strong>Die Urheber- und alle anderen Rechte an Inhalten, Bildern, Fotos oder anderen Dateien auf dieser Website, geh&ouml;ren ausschliesslich <strong>der juristischen Person C3 Z&uuml;rich<\/strong> oder den speziell genannten Rechteinhabern. F&uuml;r die Reproduktion jeglicher Elemente ist die schriftliche Zustimmung des Urheberrechtstr&auml;gers im Voraus einzuholen.&nbsp;Quelle: <a href=\"https:\/\/www.swissanwalt.ch\/impressum-generator.aspx\" target=\"_blank\" rel=\"noopener\">Impressum-Generator von SwissAnwalt<\/a><\/p>\n\n","protected":false},"excerpt":{"rendered":"<p>Kontakt Adresse Kontakt-AdresseC3 Z&uuml;richMeierwiesenstrasse 548064 Z\u00fcrichSchweizE-Mail:info@c3zurich.ch&nbsp;Vertretungsberechtigte Person(en)Simon Spalinger, PastorGareth Lawson, Vereinspr&auml;sident&nbsp;HaftungsausschlussDer Autor &uuml;bernimmt keinerlei Gew&auml;hr hinsichtlich der inhaltlichen Richtigkeit, Genauigkeit, Aktualit&auml;t, Zuverl&auml;ssigkeit und Vollst&auml;ndigkeit der Informationen.Haftungsanspr&uuml;che gegen den Autor wegen Sch&auml;den materieller oder immaterieller Art, welche aus dem Zugriff oder der Nutzung bzw. Nichtnutzung der ver&ouml;ffentlichten Informationen, durch Missbrauch der Verbindung oder durch technische St&ouml;rungen [&hellip;]<\/p>\n","protected":false},"author":10,"featured_media":0,"parent":0,"menu_order":0,"comment_status":"closed","ping_status":"closed","template":"my-templates\/no-title-template.php","meta":{"inline_featured_image":false,"_monsterinsights_skip_tracking":false,"_monsterinsights_sitenote_active":false,"_monsterinsights_sitenote_note":"","_monsterinsights_sitenote_category":0,"_genesis_hide_title":false,"_genesis_hide_breadcrumbs":false,"_genesis_hide_singular_image":false,"_genesis_hide_footer_widgets":false,"_genesis_custom_body_class":"","_genesis_custom_post_class":"","_genesis_layout":"","footnotes":""},"class_list":{"0":"post-5896","1":"page","2":"type-page","3":"status-publish","5":"entry"},"yoast_head":"<!-- This site is optimized with the Yoast SEO plugin v24.3 - https:\/\/yoast.com\/wordpress\/plugins\/seo\/ -->\n<title>Impressum | C3 Z\u00fcrich<\/title>\n<meta name=\"description\" content=\"HIer finden Sie alle rechtlichen Informationen zur C3-Kirche Z\u00fcrich (ab 7. April 2019 in der Bananenreiferei in Z\u00fcrich-West)\" \/>\n<meta name=\"robots\" content=\"noindex, follow, max-snippet:-1, max-image-preview:large, max-video-preview:-1\" \/>\n<meta property=\"og:locale\" content=\"de_DE\" \/>\n<meta property=\"og:type\" content=\"article\" \/>\n<meta property=\"og:title\" content=\"Impressum C3 Z\u00fcrich\" \/>\n<meta property=\"og:description\" content=\"Hier finden Sie alle Rechtsangaben zur C3 Kirche Z\u00fcrich\" \/>\n<meta property=\"og:url\" content=\"https:\/\/staging.c3zurich.ch\/de\/impressum\/\" \/>\n<meta property=\"og:site_name\" content=\"C3 Z\u00fcrich\" \/>\n<meta property=\"article:publisher\" content=\"https:\/\/www.facebook.com\/C3Zurich\/\" \/>\n<meta property=\"article:modified_time\" content=\"2023-05-22T14:32:01+00:00\" \/>\n<meta property=\"og:image\" content=\"https:\/\/staging.c3zurich.ch\/wp-content\/uploads\/2016\/10\/c3-zurich.jpg\" \/>\n\t<meta property=\"og:image:width\" content=\"1750\" \/>\n\t<meta property=\"og:image:height\" content=\"985\" \/>\n\t<meta property=\"og:image:type\" content=\"image\/jpeg\" \/>\n<meta name=\"twitter:card\" content=\"summary_large_image\" \/>\n<meta name=\"twitter:site\" content=\"@c3zurich\" \/>\n<meta name=\"twitter:label1\" content=\"Gesch\u00e4tzte Lesezeit\" \/>\n\t<meta name=\"twitter:data1\" content=\"1 Minute\" \/>\n<script type=\"application\/ld+json\" class=\"yoast-schema-graph\">{\"@context\":\"https:\/\/schema.org\",\"@graph\":[{\"@type\":\"WebPage\",\"@id\":\"https:\/\/staging.c3zurich.ch\/de\/impressum\/\",\"url\":\"https:\/\/staging.c3zurich.ch\/de\/impressum\/\",\"name\":\"Impressum | C3 Z\u00fcrich\",\"isPartOf\":{\"@id\":\"https:\/\/staging.c3zurich.ch\/#website\"},\"datePublished\":\"2018-07-28T13:50:56+00:00\",\"dateModified\":\"2023-05-22T14:32:01+00:00\",\"description\":\"HIer finden Sie alle rechtlichen Informationen zur C3-Kirche Z\u00fcrich (ab 7. April 2019 in der Bananenreiferei in Z\u00fcrich-West)\",\"inLanguage\":\"de-CH\",\"potentialAction\":[{\"@type\":\"ReadAction\",\"target\":[\"https:\/\/staging.c3zurich.ch\/de\/impressum\/\"]}]},{\"@type\":\"WebSite\",\"@id\":\"https:\/\/staging.c3zurich.ch\/#website\",\"url\":\"https:\/\/staging.c3zurich.ch\/\",\"name\":\"C3 Z\u00fcrich\",\"description\":\"Eine Glaubensgemeinschaft im Zentrum von Z\u00fcrich mit Gottesdiensten in Mundart und Englisch\",\"publisher\":{\"@id\":\"https:\/\/staging.c3zurich.ch\/#organization\"},\"potentialAction\":[{\"@type\":\"SearchAction\",\"target\":{\"@type\":\"EntryPoint\",\"urlTemplate\":\"https:\/\/staging.c3zurich.ch\/?s={search_term_string}\"},\"query-input\":{\"@type\":\"PropertyValueSpecification\",\"valueRequired\":true,\"valueName\":\"search_term_string\"}}],\"inLanguage\":\"de-CH\"},{\"@type\":\"Organization\",\"@id\":\"https:\/\/staging.c3zurich.ch\/#organization\",\"name\":\"C3 Church Zurich\",\"url\":\"https:\/\/staging.c3zurich.ch\/\",\"logo\":{\"@type\":\"ImageObject\",\"inLanguage\":\"de-CH\",\"@id\":\"https:\/\/staging.c3zurich.ch\/#\/schema\/logo\/image\/\",\"url\":\"https:\/\/staging.c3zurich.ch\/wp-content\/uploads\/2022\/03\/cropped-2.png\",\"contentUrl\":\"https:\/\/staging.c3zurich.ch\/wp-content\/uploads\/2022\/03\/cropped-2.png\",\"width\":512,\"height\":512,\"caption\":\"C3 Church Zurich\"},\"image\":{\"@id\":\"https:\/\/staging.c3zurich.ch\/#\/schema\/logo\/image\/\"},\"sameAs\":[\"https:\/\/www.facebook.com\/C3Zurich\/\",\"https:\/\/x.com\/c3zurich\",\"https:\/\/www.instagram.com\/c3zurich\/\"]}]}<\/script>\n<!-- \/ Yoast SEO plugin. -->","yoast_head_json":{"title":"Impressum | C3 Z\u00fcrich","description":"HIer finden Sie alle rechtlichen Informationen zur C3-Kirche Z\u00fcrich (ab 7. April 2019 in der Bananenreiferei in Z\u00fcrich-West)","robots":{"index":"noindex","follow":"follow","max-snippet":"max-snippet:-1","max-image-preview":"max-image-preview:large","max-video-preview":"max-video-preview:-1"},"og_locale":"de_DE","og_type":"article","og_title":"Impressum C3 Z\u00fcrich","og_description":"Hier finden Sie alle Rechtsangaben zur C3 Kirche Z\u00fcrich","og_url":"https:\/\/staging.c3zurich.ch\/de\/impressum\/","og_site_name":"C3 Z\u00fcrich","article_publisher":"https:\/\/www.facebook.com\/C3Zurich\/","article_modified_time":"2023-05-22T14:32:01+00:00","og_image":[{"width":1750,"height":985,"url":"https:\/\/staging.c3zurich.ch\/wp-content\/uploads\/2016\/10\/c3-zurich.jpg","type":"image\/jpeg"}],"twitter_card":"summary_large_image","twitter_site":"@c3zurich","twitter_misc":{"Gesch\u00e4tzte Lesezeit":"1 Minute"},"schema":{"@context":"https:\/\/schema.org","@graph":[{"@type":"WebPage","@id":"https:\/\/staging.c3zurich.ch\/de\/impressum\/","url":"https:\/\/staging.c3zurich.ch\/de\/impressum\/","name":"Impressum | C3 Z\u00fcrich","isPartOf":{"@id":"https:\/\/staging.c3zurich.ch\/#website"},"datePublished":"2018-07-28T13:50:56+00:00","dateModified":"2023-05-22T14:32:01+00:00","description":"HIer finden Sie alle rechtlichen Informationen zur C3-Kirche Z\u00fcrich (ab 7. April 2019 in der Bananenreiferei in Z\u00fcrich-West)","inLanguage":"de-CH","potentialAction":[{"@type":"ReadAction","target":["https:\/\/staging.c3zurich.ch\/de\/impressum\/"]}]},{"@type":"WebSite","@id":"https:\/\/staging.c3zurich.ch\/#website","url":"https:\/\/staging.c3zurich.ch\/","name":"C3 Z\u00fcrich","description":"Eine Glaubensgemeinschaft im Zentrum von Z\u00fcrich mit Gottesdiensten in Mundart und Englisch","publisher":{"@id":"https:\/\/staging.c3zurich.ch\/#organization"},"potentialAction":[{"@type":"SearchAction","target":{"@type":"EntryPoint","urlTemplate":"https:\/\/staging.c3zurich.ch\/?s={search_term_string}"},"query-input":{"@type":"PropertyValueSpecification","valueRequired":true,"valueName":"search_term_string"}}],"inLanguage":"de-CH"},{"@type":"Organization","@id":"https:\/\/staging.c3zurich.ch\/#organization","name":"C3 Church Zurich","url":"https:\/\/staging.c3zurich.ch\/","logo":{"@type":"ImageObject","inLanguage":"de-CH","@id":"https:\/\/staging.c3zurich.ch\/#\/schema\/logo\/image\/","url":"https:\/\/staging.c3zurich.ch\/wp-content\/uploads\/2022\/03\/cropped-2.png","contentUrl":"https:\/\/staging.c3zurich.ch\/wp-content\/uploads\/2022\/03\/cropped-2.png","width":512,"height":512,"caption":"C3 Church Zurich"},"image":{"@id":"https:\/\/staging.c3zurich.ch\/#\/schema\/logo\/image\/"},"sameAs":["https:\/\/www.facebook.com\/C3Zurich\/","https:\/\/x.com\/c3zurich","https:\/\/www.instagram.com\/c3zurich\/"]}]}},"_links":{"self":[{"href":"https:\/\/staging.c3zurich.ch\/de\/wp-json\/wp\/v2\/pages\/5896","targetHints":{"allow":["GET"]}}],"collection":[{"href":"https:\/\/staging.c3zurich.ch\/de\/wp-json\/wp\/v2\/pages"}],"about":[{"href":"https:\/\/staging.c3zurich.ch\/de\/wp-json\/wp\/v2\/types\/page"}],"author":[{"embeddable":true,"href":"https:\/\/staging.c3zurich.ch\/de\/wp-json\/wp\/v2\/users\/10"}],"replies":[{"embeddable":true,"href":"https:\/\/staging.c3zurich.ch\/de\/wp-json\/wp\/v2\/comments?post=5896"}],"version-history":[{"count":12,"href":"https:\/\/staging.c3zurich.ch\/de\/wp-json\/wp\/v2\/pages\/5896\/revisions"}],"predecessor-version":[{"id":10953,"href":"https:\/\/staging.c3zurich.ch\/de\/wp-json\/wp\/v2\/pages\/5896\/revisions\/10953"}],"wp:attachment":[{"href":"https:\/\/staging.c3zurich.ch\/de\/wp-json\/wp\/v2\/media?parent=5896"}],"curies":[{"name":"wp","href":"https:\/\/api.w.org\/{rel}","templated":true}]}}