{"id":5943,"date":"2018-08-04T12:16:20","date_gmt":"2018-08-04T10:16:20","guid":{"rendered":"http:\/\/c3.staging1.laurencariscooks.com\/?page_id=5943\/"},"modified":"2025-01-11T18:06:35","modified_gmt":"2025-01-11T17:06:35","slug":"welcome-to-c3-zurich","status":"publish","type":"page","link":"https:\/\/staging.c3zurich.ch\/de\/","title":{"rendered":"Willkommen in der C3 Z\u00fcrich"},"content":{"rendered":"\n<h1>\n\t\tHerzlich willkommen bei <br \/>C3 Z\u00fcrich\n\t<\/h1>\n\tWIR SIND EINE GEMEINSCHAFT DES GLAUBENS, DER HOFFNUNG UND DER LIEBE IN Z\u00dcRICH\nSch\u00f6n, dass du hier bist!\u00a0\n<h3>\n\t\tBegleiten Sie uns sonntags um 10:15 Uhr\n\t<\/h3>\n\t\t\t<a href=\"\/de\/gottesdienste\/#find-us\" target=\"_self\" rel=\"noopener\">\n\t\t\t\t\t\t\tPLANE DEINEN BESUCH\n\t\t\t\t\t<\/a>\n<h2>\n\t\tN\u00c4CHSTER SONNTAGSGOTTESDIENST\n\t<\/h2>\n\t\n\t\t\t<a href=\"\/de\/gottesdienste#find-us\" target=\"_self\" rel=\"noopener\">\n\t\t\t\t\t\t\tBist du das erste Mal auf unserer Homepage? Entdecke unsere Gottesdienste\n\t\t\t\t\t<\/a>\n<h2>\n\t\tAlle wichtigen Informationen\n\t<\/h2>\n\t<h4>Kids &amp; Teens Programm<\/h4>\n\t<p>Vom Kleinkind bis zu den Teenies &#8211; wir haben Lobpreis und Sonntagschule f\u00fcr jede Altersstufe<\/p>\n\t\t\t<a href=\"\/de\/kindergottesdienste\/\" target=\"_self\" rel=\"noopener\">\n\t\t\t\t\t\t\tMehr\n\t\t\t\t\t<\/a>\n\t<h4>\u00dcbersetzung<\/h4>\n\t<p>Alle unsere Gottesdienste sind zweisprachig auf Englisch und Schweizerdeutsch<\/p>\n\t<img decoding=\"async\" src=\"https:\/\/img.icons8.com\/ios\/50\/000000\/play-button-circled--v1.png\"\/>\n\t<h4>Kirche online<\/h4>\n\t<p>Wir streamen live auf YouTube jeden Sonntag unseren Gottesdienst<\/p>\n\t\t\t<a href=\"\/de\/kirche-online\/\" target=\"_self\" rel=\"noopener\">\n\t\t\t\t\t\t\tSchau es jetzt an\n\t\t\t\t\t<\/a>\n\t<p>Connect Groups<\/p>\n\t<p>Erlebe Kirche auch unter der Woche in einer Connectgroup<\/p>\n\t\t\t<a href=\"https:\/\/staging.c3zurich.churchcenter.com\/groups\/connect-groups\" target=\"_self\" rel=\"noopener\">\n\t\t\t\t\t\t\tMehr\n\t\t\t\t\t<\/a>\n\n","protected":false},"excerpt":{"rendered":"<p>Herzlich willkommen bei C3 Z\u00fcrich WIR SIND EINE GEMEINSCHAFT DES GLAUBENS, DER HOFFNUNG UND DER LIEBE IN Z\u00dcRICH Sch\u00f6n, dass du hier bist!\u00a0 Begleiten Sie uns sonntags um 10:15 Uhr PLANE DEINEN BESUCH N\u00c4CHSTER SONNTAGSGOTTESDIENST Bist du das erste Mal auf unserer Homepage? Entdecke unsere Gottesdienste Alle wichtigen Informationen Kids &amp; Teens Programm Vom Kleinkind [&hellip;]<\/p>\n","protected":false},"author":2,"featured_media":10247,"parent":0,"menu_order":0,"comment_status":"closed","ping_status":"closed","template":"my-templates\/no-title-template.php","meta":{"inline_featured_image":false,"_monsterinsights_skip_tracking":false,"_monsterinsights_sitenote_active":false,"_monsterinsights_sitenote_note":"","_monsterinsights_sitenote_category":0,"_genesis_hide_title":false,"_genesis_hide_breadcrumbs":false,"_genesis_hide_singular_image":false,"_genesis_hide_footer_widgets":false,"_genesis_custom_body_class":"","_genesis_custom_post_class":"","_genesis_layout":"","footnotes":""},"class_list":{"0":"post-5943","1":"page","2":"type-page","3":"status-publish","4":"has-post-thumbnail","6":"entry"},"yoast_head":"<!-- This site is optimized with the Yoast SEO plugin v24.3 - https:\/\/yoast.com\/wordpress\/plugins\/seo\/ -->\n<title>Willkommen in der C3 Z\u00fcrich<\/title>\n<meta name=\"description\" content=\"Komm, wie du bist, zum n\u00e4chsten Gottesdienst am n\u00e4chsten Sonntag um 10.15 Uhr - wir freuen uns auf dich!\" \/>\n<meta name=\"robots\" content=\"noindex, follow, max-snippet:-1, max-image-preview:large, max-video-preview:-1\" \/>\n<meta property=\"og:locale\" content=\"de_DE\" \/>\n<meta property=\"og:type\" content=\"article\" \/>\n<meta property=\"og:title\" content=\"C3 Z\u00fcrich - Besuchen Sie Uns F\u00fcr Unser N\u00e4chstes Sonntagsgottesdienst!\" \/>\n<meta property=\"og:description\" content=\"Wir sind eine eine Gemeinschaft von Glaube, Hoffnung und Liebe zu Gott und zu Menschen, im Zentrum von Z\u00fcrich. Wir freuen uns dich zu treffen und dich willkommen zu heissen!\" \/>\n<meta property=\"og:url\" content=\"https:\/\/staging.c3zurich.ch\/de\/\" \/>\n<meta property=\"og:site_name\" content=\"C3 Z\u00fcrich\" \/>\n<meta property=\"article:publisher\" content=\"https:\/\/www.facebook.com\/C3Zurich\/\" \/>\n<meta property=\"article:modified_time\" content=\"2025-01-11T17:06:35+00:00\" \/>\n<meta property=\"og:image\" content=\"https:\/\/staging.c3zurich.ch\/wp-content\/uploads\/2018\/08\/Facebook-Sharing-Template.jpg\" \/>\n\t<meta property=\"og:image:width\" content=\"1200\" \/>\n\t<meta property=\"og:image:height\" content=\"630\" \/>\n\t<meta property=\"og:image:type\" content=\"image\/jpeg\" \/>\n<meta name=\"twitter:card\" content=\"summary_large_image\" \/>\n<meta name=\"twitter:title\" content=\"C3 Z\u00fcrich - Besuchen Sie Uns F\u00fcr Unser N\u00e4chstes Sonntagsgottesdienst!\" \/>\n<meta name=\"twitter:description\" content=\"Wir sind eine eine Gemeinschaft von Glaube, Hoffnung und Liebe zu Gott und zu Menschen, im Zentrum von Z\u00fcrich. Wir freuen uns dich zu treffen und dich willkommen zu heissen!\" \/>\n<meta name=\"twitter:image\" content=\"https:\/\/staging.c3zurich.ch\/wp-content\/uploads\/2018\/08\/Twitter-Sharing-Template.jpg\" \/>\n<meta name=\"twitter:site\" content=\"@c3zurich\" \/>\n<meta name=\"twitter:label1\" content=\"Gesch\u00e4tzte Lesezeit\" \/>\n\t<meta name=\"twitter:data1\" content=\"3 Minuten\" \/>\n<script type=\"application\/ld+json\" class=\"yoast-schema-graph\">{\"@context\":\"https:\/\/schema.org\",\"@graph\":[{\"@type\":\"WebPage\",\"@id\":\"https:\/\/staging.c3zurich.ch\/de\/\",\"url\":\"https:\/\/staging.c3zurich.ch\/de\/\",\"name\":\"Willkommen in der C3 Z\u00fcrich\",\"isPartOf\":{\"@id\":\"https:\/\/staging.c3zurich.ch\/#website\"},\"primaryImageOfPage\":{\"@id\":\"https:\/\/staging.c3zurich.ch\/de\/#primaryimage\"},\"image\":{\"@id\":\"https:\/\/staging.c3zurich.ch\/de\/#primaryimage\"},\"thumbnailUrl\":\"https:\/\/staging.c3zurich.ch\/wp-content\/uploads\/2022\/03\/cropped-2.png\",\"datePublished\":\"2018-08-04T10:16:20+00:00\",\"dateModified\":\"2025-01-11T17:06:35+00:00\",\"description\":\"Komm, wie du bist, zum n\u00e4chsten Gottesdienst am n\u00e4chsten Sonntag um 10.15 Uhr - wir freuen uns auf dich!\",\"inLanguage\":\"de-CH\",\"potentialAction\":[{\"@type\":\"ReadAction\",\"target\":[\"https:\/\/staging.c3zurich.ch\/de\/\"]}]},{\"@type\":\"ImageObject\",\"inLanguage\":\"de-CH\",\"@id\":\"https:\/\/staging.c3zurich.ch\/de\/#primaryimage\",\"url\":\"https:\/\/staging.c3zurich.ch\/wp-content\/uploads\/2022\/03\/cropped-2.png\",\"contentUrl\":\"https:\/\/staging.c3zurich.ch\/wp-content\/uploads\/2022\/03\/cropped-2.png\",\"width\":512,\"height\":512},{\"@type\":\"WebSite\",\"@id\":\"https:\/\/staging.c3zurich.ch\/#website\",\"url\":\"https:\/\/staging.c3zurich.ch\/\",\"name\":\"C3 Z\u00fcrich\",\"description\":\"Eine Glaubensgemeinschaft im Zentrum von Z\u00fcrich mit Gottesdiensten in Mundart und Englisch\",\"publisher\":{\"@id\":\"https:\/\/staging.c3zurich.ch\/#organization\"},\"potentialAction\":[{\"@type\":\"SearchAction\",\"target\":{\"@type\":\"EntryPoint\",\"urlTemplate\":\"https:\/\/staging.c3zurich.ch\/?s={search_term_string}\"},\"query-input\":{\"@type\":\"PropertyValueSpecification\",\"valueRequired\":true,\"valueName\":\"search_term_string\"}}],\"inLanguage\":\"de-CH\"},{\"@type\":\"Organization\",\"@id\":\"https:\/\/staging.c3zurich.ch\/#organization\",\"name\":\"C3 Church Zurich\",\"url\":\"https:\/\/staging.c3zurich.ch\/\",\"logo\":{\"@type\":\"ImageObject\",\"inLanguage\":\"de-CH\",\"@id\":\"https:\/\/staging.c3zurich.ch\/#\/schema\/logo\/image\/\",\"url\":\"https:\/\/staging.c3zurich.ch\/wp-content\/uploads\/2022\/03\/cropped-2.png\",\"contentUrl\":\"https:\/\/staging.c3zurich.ch\/wp-content\/uploads\/2022\/03\/cropped-2.png\",\"width\":512,\"height\":512,\"caption\":\"C3 Church Zurich\"},\"image\":{\"@id\":\"https:\/\/staging.c3zurich.ch\/#\/schema\/logo\/image\/\"},\"sameAs\":[\"https:\/\/www.facebook.com\/C3Zurich\/\",\"https:\/\/x.com\/c3zurich\",\"https:\/\/www.instagram.com\/c3zurich\/\"]}]}<\/script>\n<!-- \/ Yoast SEO plugin. -->","yoast_head_json":{"title":"Willkommen in der C3 Z\u00fcrich","description":"Komm, wie du bist, zum n\u00e4chsten Gottesdienst am n\u00e4chsten Sonntag um 10.15 Uhr - wir freuen uns auf dich!","robots":{"index":"noindex","follow":"follow","max-snippet":"max-snippet:-1","max-image-preview":"max-image-preview:large","max-video-preview":"max-video-preview:-1"},"og_locale":"de_DE","og_type":"article","og_title":"C3 Z\u00fcrich - Besuchen Sie Uns F\u00fcr Unser N\u00e4chstes Sonntagsgottesdienst!","og_description":"Wir sind eine eine Gemeinschaft von Glaube, Hoffnung und Liebe zu Gott und zu Menschen, im Zentrum von Z\u00fcrich. Wir freuen uns dich zu treffen und dich willkommen zu heissen!","og_url":"https:\/\/staging.c3zurich.ch\/de\/","og_site_name":"C3 Z\u00fcrich","article_publisher":"https:\/\/www.facebook.com\/C3Zurich\/","article_modified_time":"2025-01-11T17:06:35+00:00","og_image":[{"width":1200,"height":630,"url":"https:\/\/staging.c3zurich.ch\/wp-content\/uploads\/2018\/08\/Facebook-Sharing-Template.jpg","type":"image\/jpeg"}],"twitter_card":"summary_large_image","twitter_title":"C3 Z\u00fcrich - Besuchen Sie Uns F\u00fcr Unser N\u00e4chstes Sonntagsgottesdienst!","twitter_description":"Wir sind eine eine Gemeinschaft von Glaube, Hoffnung und Liebe zu Gott und zu Menschen, im Zentrum von Z\u00fcrich. Wir freuen uns dich zu treffen und dich willkommen zu heissen!","twitter_image":"https:\/\/staging.c3zurich.ch\/wp-content\/uploads\/2018\/08\/Twitter-Sharing-Template.jpg","twitter_site":"@c3zurich","twitter_misc":{"Gesch\u00e4tzte Lesezeit":"3 Minuten"},"schema":{"@context":"https:\/\/schema.org","@graph":[{"@type":"WebPage","@id":"https:\/\/staging.c3zurich.ch\/de\/","url":"https:\/\/staging.c3zurich.ch\/de\/","name":"Willkommen in der C3 Z\u00fcrich","isPartOf":{"@id":"https:\/\/staging.c3zurich.ch\/#website"},"primaryImageOfPage":{"@id":"https:\/\/staging.c3zurich.ch\/de\/#primaryimage"},"image":{"@id":"https:\/\/staging.c3zurich.ch\/de\/#primaryimage"},"thumbnailUrl":"https:\/\/staging.c3zurich.ch\/wp-content\/uploads\/2022\/03\/cropped-2.png","datePublished":"2018-08-04T10:16:20+00:00","dateModified":"2025-01-11T17:06:35+00:00","description":"Komm, wie du bist, zum n\u00e4chsten Gottesdienst am n\u00e4chsten Sonntag um 10.15 Uhr - wir freuen uns auf dich!","inLanguage":"de-CH","potentialAction":[{"@type":"ReadAction","target":["https:\/\/staging.c3zurich.ch\/de\/"]}]},{"@type":"ImageObject","inLanguage":"de-CH","@id":"https:\/\/staging.c3zurich.ch\/de\/#primaryimage","url":"https:\/\/staging.c3zurich.ch\/wp-content\/uploads\/2022\/03\/cropped-2.png","contentUrl":"https:\/\/staging.c3zurich.ch\/wp-content\/uploads\/2022\/03\/cropped-2.png","width":512,"height":512},{"@type":"WebSite","@id":"https:\/\/staging.c3zurich.ch\/#website","url":"https:\/\/staging.c3zurich.ch\/","name":"C3 Z\u00fcrich","description":"Eine Glaubensgemeinschaft im Zentrum von Z\u00fcrich mit Gottesdiensten in Mundart und Englisch","publisher":{"@id":"https:\/\/staging.c3zurich.ch\/#organization"},"potentialAction":[{"@type":"SearchAction","target":{"@type":"EntryPoint","urlTemplate":"https:\/\/staging.c3zurich.ch\/?s={search_term_string}"},"query-input":{"@type":"PropertyValueSpecification","valueRequired":true,"valueName":"search_term_string"}}],"inLanguage":"de-CH"},{"@type":"Organization","@id":"https:\/\/staging.c3zurich.ch\/#organization","name":"C3 Church Zurich","url":"https:\/\/staging.c3zurich.ch\/","logo":{"@type":"ImageObject","inLanguage":"de-CH","@id":"https:\/\/staging.c3zurich.ch\/#\/schema\/logo\/image\/","url":"https:\/\/staging.c3zurich.ch\/wp-content\/uploads\/2022\/03\/cropped-2.png","contentUrl":"https:\/\/staging.c3zurich.ch\/wp-content\/uploads\/2022\/03\/cropped-2.png","width":512,"height":512,"caption":"C3 Church Zurich"},"image":{"@id":"https:\/\/staging.c3zurich.ch\/#\/schema\/logo\/image\/"},"sameAs":["https:\/\/www.facebook.com\/C3Zurich\/","https:\/\/x.com\/c3zurich","https:\/\/www.instagram.com\/c3zurich\/"]}]}},"_links":{"self":[{"href":"https:\/\/staging.c3zurich.ch\/de\/wp-json\/wp\/v2\/pages\/5943","targetHints":{"allow":["GET"]}}],"collection":[{"href":"https:\/\/staging.c3zurich.ch\/de\/wp-json\/wp\/v2\/pages"}],"about":[{"href":"https:\/\/staging.c3zurich.ch\/de\/wp-json\/wp\/v2\/types\/page"}],"author":[{"embeddable":true,"href":"https:\/\/staging.c3zurich.ch\/de\/wp-json\/wp\/v2\/users\/2"}],"replies":[{"embeddable":true,"href":"https:\/\/staging.c3zurich.ch\/de\/wp-json\/wp\/v2\/comments?post=5943"}],"version-history":[{"count":67,"href":"https:\/\/staging.c3zurich.ch\/de\/wp-json\/wp\/v2\/pages\/5943\/revisions"}],"predecessor-version":[{"id":12230,"href":"https:\/\/staging.c3zurich.ch\/de\/wp-json\/wp\/v2\/pages\/5943\/revisions\/12230"}],"wp:featuredmedia":[{"embeddable":true,"href":"https:\/\/staging.c3zurich.ch\/de\/wp-json\/wp\/v2\/media\/10247"}],"wp:attachment":[{"href":"https:\/\/staging.c3zurich.ch\/de\/wp-json\/wp\/v2\/media?parent=5943"}],"curies":[{"name":"wp","href":"https:\/\/api.w.org\/{rel}","templated":true}]}}