{"id":5964,"date":"2018-08-04T12:53:13","date_gmt":"2018-08-04T10:53:13","guid":{"rendered":"http:\/\/c3.staging1.laurencariscooks.com\/?page_id=5964\/"},"modified":"2024-06-20T16:56:34","modified_gmt":"2024-06-20T14:56:34","slug":"ueber-uns","status":"publish","type":"page","link":"https:\/\/staging.c3zurich.ch\/de\/ueber-uns\/","title":{"rendered":"\u00dcber C3 Z\u00fcrich"},"content":{"rendered":"\n<h1>\n\t\tJesus kennen &#8211; Gemeinschaft finden &#8211; Bestimmung entdecken\n\t<\/h1>\n<h2>\n\t\tC3 Zurich ist eine Gemeinschaft von Glaube, Hoffnung und Liebe\n\t<\/h2>\n\t<p>Die Hauptaufgabe von C3 Z\u00fcrich als Kirche ist es, <strong>Menschen mit Gott zu verbinden.<\/strong> Dies geschieht, wenn <strong>Du die Liebe Jesu pers\u00f6nlich kennenlernst<\/strong>, <strong>Zugeh\u00f6rigkeit<\/strong> in einer echten <strong>Gemeinschaft findest<\/strong> und Deine <strong>Bestimmung entdeckst<\/strong>, indem Du Deinen Talenten und Deiner Berufung nachgehst.<\/p>\n<p>C3 steht f\u00fcr Christian City Church. 2012 wurde sie von einer Gruppe von Freunden gegr\u00fcndet. Das Ziel war eine Gemeinschaft in und um Z\u00fcrich aufzubauen. Es hat als Traum und im Gebet begonnen und ist zu einem w\u00f6chentlichen Gottesdienst in Z\u00fcrich gewachsen. Wir sind eine bl\u00fchende <strong>Gemeinschaft des Glaubens, der Hoffnung und der Liebe<\/strong>.<\/p>\n<h2>\n\t\tMenschen mit Gott verbinden\n\t<\/h2>\n\t<p>Der Kern dessen, was wir sind und was wir tun, ist Glaube, Hoffnung und Liebe, so einfach ist das.<br \/>Wir glauben, dass Gott uns nahe ist und uns nie verlassen wird. Wir haben die Hoffnung, dass egal wie schwer das Leben auch sein mag, Gott es zum Guten wenden wird. Die Liebe Jesu bewegt uns dazu, seine Liebe untereinander und gegen\u00fcber der Welt zu zeigen.<\/p>\n<p>Unsere Vision ist, dass Du mit allem, was wir tun, Jesus besser kennenlernst, eine zweite Heimat findest und in Deinem eigenen Glauben, Deiner Hoffnung und Liebe w\u00e4chst.<\/p>\n<p>Wir treffen uns am Sonntag zu unseren w\u00f6chentlichen Gottesdiensten, w\u00e4hrend der Woche in Connect-Gruppen und bei verschiedenen Partys, Veranstaltungen und Kursen \u00fcber das ganze Jahr hinweg. Bis bald in der Kirche!<\/p>\n\t\t\t<a href=\"\/de\/gottesdienste\/#find-us\" target=\"_blank\" rel=\"noopener\">\n\t\t\t\t\t\t\tPLANE DEINEN BESUCH\n\t\t\t\t\t<\/a>\n\t\t\t<a href=\"\/de\/veranstaltungen\/\" target=\"_blank\" rel=\"noopener\">\n\t\t\t\t\t\t\tKOMMENDE VERANSTALTUNGEN\n\t\t\t\t\t<\/a>\n\t<iframe loading=\"lazy\" width=\"560\" height=\"315\" src=\"https:\/\/www.youtube.com\/embed\/Oz1I6ne-Hio?si=Gut1va-Mz5iNKePR\" title=\"YouTube video player\" frameborder=\"0\" allow=\"accelerometer; autoplay; clipboard-write; encrypted-media; gyroscope; picture-in-picture; web-share\" referrerpolicy=\"strict-origin-when-cross-origin\" allowfullscreen><\/iframe>\n\t<p>C3 Z\u00fcrich geh\u00f6rt zu einer Familie von Kirchen, <a href=\"https:\/\/c3churchglobal.com\/\">C3 Church Global,<\/a> einer internationalen Bewegung von Kirchen. Wir sind mit Christus in seiner Vision verbunden, und deshalb ist es unsere Mission, die Verlorenen zu retten, J\u00fcnger zu machen und Seine Kirche zu bauen. C3 Global ist christuszentriert, vom Heiligen Geist bef\u00e4higt und verbindungsorientiert.<\/p>\n<p>Auf lokaler Ebene sind wir Mitglied der <a href=\"https:\/\/www.each.ch\/\">Schweizerischen Evangelischen Allianz SEA<\/a>, einem nationalen Zusammenschluss von christlichen Kirchen. Wir sind als gemeinn\u00fctziger Verein in Z\u00fcrich registriert.<\/p>\n\t\t\t<a href=\"https:\/\/c3churchglobal.com\" target=\"_blank\" rel=\"noopener\">\n\t\t\t\t\t\t\tC3 GLOBAL\n\t\t\t\t\t<\/a>\n<h2>\n\t\tF\u00fchrung\n\t<\/h2>\n\t<p>Kirche wird nicht durch das Talent einiger weniger gebaut, sondern durch das Engagement vieler. Im Folgenden kannst Du mehr \u00fcber die Pastoren von C3 Z\u00fcrich, unsere Vision und wie wir die Kirche bauen, erfahren!<\/p>\n\t\t\t<a href=\"\/de\/unserepastoren\/\" target=\"_self\" rel=\"noopener\">\n\t\t\t\t\t\t\tUNSERE PASTOREN\n\t\t\t\t\t<\/a>\n\n","protected":false},"excerpt":{"rendered":"<p>Jesus kennen &#8211; Gemeinschaft finden &#8211; Bestimmung entdecken C3 Zurich ist eine Gemeinschaft von Glaube, Hoffnung und Liebe Die Hauptaufgabe von C3 Z\u00fcrich als Kirche ist es, Menschen mit Gott zu verbinden. Dies geschieht, wenn Du die Liebe Jesu pers\u00f6nlich kennenlernst, Zugeh\u00f6rigkeit in einer echten Gemeinschaft findest und Deine Bestimmung entdeckst, indem Du Deinen Talenten [&hellip;]<\/p>\n","protected":false},"author":2,"featured_media":0,"parent":0,"menu_order":0,"comment_status":"closed","ping_status":"closed","template":"my-templates\/no-title-template.php","meta":{"inline_featured_image":false,"_monsterinsights_skip_tracking":false,"_monsterinsights_sitenote_active":false,"_monsterinsights_sitenote_note":"","_monsterinsights_sitenote_category":0,"_genesis_hide_title":false,"_genesis_hide_breadcrumbs":false,"_genesis_hide_singular_image":false,"_genesis_hide_footer_widgets":false,"_genesis_custom_body_class":"","_genesis_custom_post_class":"","_genesis_layout":"","footnotes":""},"class_list":{"0":"post-5964","1":"page","2":"type-page","3":"status-publish","5":"entry","6":"has-post-thumbnail"},"yoast_head":"<!-- This site is optimized with the Yoast SEO plugin v24.3 - https:\/\/yoast.com\/wordpress\/plugins\/seo\/ -->\n<title>\u00dcber C3 Z\u00fcrich | C3 Z\u00fcrich<\/title>\n<meta name=\"description\" content=\"Als Kirche m\u00f6chte C3 Z\u00fcrich Menschen in der Region Z\u00fcrich mit Gott verbinden. Eine pers\u00f6nliche Beziehung zu ihm ist wunderbar \u2013 und m\u00f6glich!\" \/>\n<meta name=\"robots\" content=\"noindex, follow, max-snippet:-1, max-image-preview:large, max-video-preview:-1\" \/>\n<meta property=\"og:locale\" content=\"de_DE\" \/>\n<meta property=\"og:type\" content=\"article\" \/>\n<meta property=\"og:title\" content=\"\u00dcber C3 Z\u00fcrich | C3 Z\u00fcrich\" \/>\n<meta property=\"og:description\" content=\"Als Kirche m\u00f6chte C3 Z\u00fcrich Menschen in der Region Z\u00fcrich mit Gott verbinden. Eine pers\u00f6nliche Beziehung zu ihm ist wunderbar \u2013 und m\u00f6glich!\" \/>\n<meta property=\"og:url\" content=\"https:\/\/staging.c3zurich.ch\/de\/ueber-uns\/\" \/>\n<meta property=\"og:site_name\" content=\"C3 Z\u00fcrich\" \/>\n<meta property=\"article:publisher\" content=\"https:\/\/www.facebook.com\/C3Zurich\/\" \/>\n<meta property=\"article:modified_time\" content=\"2024-06-20T14:56:34+00:00\" \/>\n<meta property=\"og:image\" content=\"https:\/\/staging.c3zurich.ch\/wp-content\/uploads\/2016\/10\/c3-zurich.jpg\" \/>\n\t<meta property=\"og:image:width\" content=\"1750\" \/>\n\t<meta property=\"og:image:height\" content=\"985\" \/>\n\t<meta property=\"og:image:type\" content=\"image\/jpeg\" \/>\n<meta name=\"twitter:card\" content=\"summary_large_image\" \/>\n<meta name=\"twitter:site\" content=\"@c3zurich\" \/>\n<meta name=\"twitter:label1\" content=\"Gesch\u00e4tzte Lesezeit\" \/>\n\t<meta name=\"twitter:data1\" content=\"3 Minuten\" \/>\n<script type=\"application\/ld+json\" class=\"yoast-schema-graph\">{\"@context\":\"https:\/\/schema.org\",\"@graph\":[{\"@type\":\"WebPage\",\"@id\":\"https:\/\/staging.c3zurich.ch\/de\/ueber-uns\/\",\"url\":\"https:\/\/staging.c3zurich.ch\/de\/ueber-uns\/\",\"name\":\"\u00dcber C3 Z\u00fcrich | C3 Z\u00fcrich\",\"isPartOf\":{\"@id\":\"https:\/\/staging.c3zurich.ch\/#website\"},\"datePublished\":\"2018-08-04T10:53:13+00:00\",\"dateModified\":\"2024-06-20T14:56:34+00:00\",\"description\":\"Als Kirche m\u00f6chte C3 Z\u00fcrich Menschen in der Region Z\u00fcrich mit Gott verbinden. Eine pers\u00f6nliche Beziehung zu ihm ist wunderbar \u2013 und m\u00f6glich!\",\"inLanguage\":\"de-CH\",\"potentialAction\":[{\"@type\":\"ReadAction\",\"target\":[\"https:\/\/staging.c3zurich.ch\/de\/ueber-uns\/\"]}]},{\"@type\":\"WebSite\",\"@id\":\"https:\/\/staging.c3zurich.ch\/#website\",\"url\":\"https:\/\/staging.c3zurich.ch\/\",\"name\":\"C3 Z\u00fcrich\",\"description\":\"Eine Glaubensgemeinschaft im Zentrum von Z\u00fcrich mit Gottesdiensten in Mundart und Englisch\",\"publisher\":{\"@id\":\"https:\/\/staging.c3zurich.ch\/#organization\"},\"potentialAction\":[{\"@type\":\"SearchAction\",\"target\":{\"@type\":\"EntryPoint\",\"urlTemplate\":\"https:\/\/staging.c3zurich.ch\/?s={search_term_string}\"},\"query-input\":{\"@type\":\"PropertyValueSpecification\",\"valueRequired\":true,\"valueName\":\"search_term_string\"}}],\"inLanguage\":\"de-CH\"},{\"@type\":\"Organization\",\"@id\":\"https:\/\/staging.c3zurich.ch\/#organization\",\"name\":\"C3 Church Zurich\",\"url\":\"https:\/\/staging.c3zurich.ch\/\",\"logo\":{\"@type\":\"ImageObject\",\"inLanguage\":\"de-CH\",\"@id\":\"https:\/\/staging.c3zurich.ch\/#\/schema\/logo\/image\/\",\"url\":\"https:\/\/staging.c3zurich.ch\/wp-content\/uploads\/2022\/03\/cropped-2.png\",\"contentUrl\":\"https:\/\/staging.c3zurich.ch\/wp-content\/uploads\/2022\/03\/cropped-2.png\",\"width\":512,\"height\":512,\"caption\":\"C3 Church Zurich\"},\"image\":{\"@id\":\"https:\/\/staging.c3zurich.ch\/#\/schema\/logo\/image\/\"},\"sameAs\":[\"https:\/\/www.facebook.com\/C3Zurich\/\",\"https:\/\/x.com\/c3zurich\",\"https:\/\/www.instagram.com\/c3zurich\/\"]}]}<\/script>\n<!-- \/ Yoast SEO plugin. -->","yoast_head_json":{"title":"\u00dcber C3 Z\u00fcrich | C3 Z\u00fcrich","description":"Als Kirche m\u00f6chte C3 Z\u00fcrich Menschen in der Region Z\u00fcrich mit Gott verbinden. Eine pers\u00f6nliche Beziehung zu ihm ist wunderbar \u2013 und m\u00f6glich!","robots":{"index":"noindex","follow":"follow","max-snippet":"max-snippet:-1","max-image-preview":"max-image-preview:large","max-video-preview":"max-video-preview:-1"},"og_locale":"de_DE","og_type":"article","og_title":"\u00dcber C3 Z\u00fcrich | C3 Z\u00fcrich","og_description":"Als Kirche m\u00f6chte C3 Z\u00fcrich Menschen in der Region Z\u00fcrich mit Gott verbinden. Eine pers\u00f6nliche Beziehung zu ihm ist wunderbar \u2013 und m\u00f6glich!","og_url":"https:\/\/staging.c3zurich.ch\/de\/ueber-uns\/","og_site_name":"C3 Z\u00fcrich","article_publisher":"https:\/\/www.facebook.com\/C3Zurich\/","article_modified_time":"2024-06-20T14:56:34+00:00","og_image":[{"width":1750,"height":985,"url":"https:\/\/staging.c3zurich.ch\/wp-content\/uploads\/2016\/10\/c3-zurich.jpg","type":"image\/jpeg"}],"twitter_card":"summary_large_image","twitter_site":"@c3zurich","twitter_misc":{"Gesch\u00e4tzte Lesezeit":"3 Minuten"},"schema":{"@context":"https:\/\/schema.org","@graph":[{"@type":"WebPage","@id":"https:\/\/staging.c3zurich.ch\/de\/ueber-uns\/","url":"https:\/\/staging.c3zurich.ch\/de\/ueber-uns\/","name":"\u00dcber C3 Z\u00fcrich | C3 Z\u00fcrich","isPartOf":{"@id":"https:\/\/staging.c3zurich.ch\/#website"},"datePublished":"2018-08-04T10:53:13+00:00","dateModified":"2024-06-20T14:56:34+00:00","description":"Als Kirche m\u00f6chte C3 Z\u00fcrich Menschen in der Region Z\u00fcrich mit Gott verbinden. Eine pers\u00f6nliche Beziehung zu ihm ist wunderbar \u2013 und m\u00f6glich!","inLanguage":"de-CH","potentialAction":[{"@type":"ReadAction","target":["https:\/\/staging.c3zurich.ch\/de\/ueber-uns\/"]}]},{"@type":"WebSite","@id":"https:\/\/staging.c3zurich.ch\/#website","url":"https:\/\/staging.c3zurich.ch\/","name":"C3 Z\u00fcrich","description":"Eine Glaubensgemeinschaft im Zentrum von Z\u00fcrich mit Gottesdiensten in Mundart und Englisch","publisher":{"@id":"https:\/\/staging.c3zurich.ch\/#organization"},"potentialAction":[{"@type":"SearchAction","target":{"@type":"EntryPoint","urlTemplate":"https:\/\/staging.c3zurich.ch\/?s={search_term_string}"},"query-input":{"@type":"PropertyValueSpecification","valueRequired":true,"valueName":"search_term_string"}}],"inLanguage":"de-CH"},{"@type":"Organization","@id":"https:\/\/staging.c3zurich.ch\/#organization","name":"C3 Church Zurich","url":"https:\/\/staging.c3zurich.ch\/","logo":{"@type":"ImageObject","inLanguage":"de-CH","@id":"https:\/\/staging.c3zurich.ch\/#\/schema\/logo\/image\/","url":"https:\/\/staging.c3zurich.ch\/wp-content\/uploads\/2022\/03\/cropped-2.png","contentUrl":"https:\/\/staging.c3zurich.ch\/wp-content\/uploads\/2022\/03\/cropped-2.png","width":512,"height":512,"caption":"C3 Church Zurich"},"image":{"@id":"https:\/\/staging.c3zurich.ch\/#\/schema\/logo\/image\/"},"sameAs":["https:\/\/www.facebook.com\/C3Zurich\/","https:\/\/x.com\/c3zurich","https:\/\/www.instagram.com\/c3zurich\/"]}]}},"_links":{"self":[{"href":"https:\/\/staging.c3zurich.ch\/de\/wp-json\/wp\/v2\/pages\/5964","targetHints":{"allow":["GET"]}}],"collection":[{"href":"https:\/\/staging.c3zurich.ch\/de\/wp-json\/wp\/v2\/pages"}],"about":[{"href":"https:\/\/staging.c3zurich.ch\/de\/wp-json\/wp\/v2\/types\/page"}],"author":[{"embeddable":true,"href":"https:\/\/staging.c3zurich.ch\/de\/wp-json\/wp\/v2\/users\/2"}],"replies":[{"embeddable":true,"href":"https:\/\/staging.c3zurich.ch\/de\/wp-json\/wp\/v2\/comments?post=5964"}],"version-history":[{"count":27,"href":"https:\/\/staging.c3zurich.ch\/de\/wp-json\/wp\/v2\/pages\/5964\/revisions"}],"predecessor-version":[{"id":11675,"href":"https:\/\/staging.c3zurich.ch\/de\/wp-json\/wp\/v2\/pages\/5964\/revisions\/11675"}],"wp:attachment":[{"href":"https:\/\/staging.c3zurich.ch\/de\/wp-json\/wp\/v2\/media?parent=5964"}],"curies":[{"name":"wp","href":"https:\/\/api.w.org\/{rel}","templated":true}]}}