{"id":5987,"date":"2018-08-04T13:24:00","date_gmt":"2018-08-04T11:24:00","guid":{"rendered":"http:\/\/c3.staging1.laurencariscooks.com\/?page_id=5987\/"},"modified":"2025-01-11T18:03:17","modified_gmt":"2025-01-11T17:03:17","slug":"gottesdienste","status":"publish","type":"page","link":"https:\/\/staging.c3zurich.ch\/de\/gottesdienste\/","title":{"rendered":"Gottesdienst"},"content":{"rendered":"\n<h2>\n\t\tGottesdienst Sonntag\n\t<\/h2>\n\t<p>Wir m\u00f6chten eine Atmosph\u00e4re schaffen, in der du leicht eine Beziehung zu Gott und den Menschen aufbauen kannst. Bei unseren Gottesdiensten steht Jesus im Mittelpunkt und sie sollen Menschen aufbauen, also auch dich.<\/p>\n\t\t\t<a href=\"https:\/\/staging.c3zurich.ch\/de\/kontakt\/\" target=\"_self\" rel=\"noopener\">\n\t\t\t\t\t\t\tZum ersten Mal hier? Kontaktieren Sie uns!\n\t\t\t\t\t<\/a>\n\t<iframe src=\"https:\/\/www.google.com\/maps\/embed\/v1\/place?q=C3+Zurich&#038;key=AIzaSyD09zQ9PNDNNy9TadMuzRV_UsPUoWKntt8\" aria-hidden=\"true\"><\/iframe>\n\t<h2>SO FINDEST DU UNS<\/h2>\n<h2>\n\t\tWAS DICH ERWARTET\n\t<\/h2>\n\tSei ein Teil unserer Gottesdienste. Sei dabei und h\u00f6re dir unsere Predigten an. Sie sollen dich st\u00e4rken und aufbauen. Wir legen Wert auf Gemeinschaft, den Glauben erlebbar zu machen und darauf gemeinsam in Liebe, Hoffnung und St\u00e4rke zu wachsen.\n\t<p><strong>BIS SONNTAG! WIR FREUEN UNS AUF DICH!<\/strong><\/p>\n\t<h2>Wie man dorthin gelangt<\/h2>\n\t\t\t\t\t<a href=\"javascript:void(0);\" id=\"fl-accordion--label-0\" tabindex=\"0\" aria-controls=\"fl-accordion--panel-0\">MIT \u00d6FFENTLICHEN VERKEHRSMITTELN<\/a>\n\t\t\t\t\t\t\t\t\t\t\t<a href=\"#\" id=\"fl-accordion--icon-0\" tabindex=\"-1\" aria-controls=\"fl-accordion--panel-0\"><i>Expand<\/i><\/a>\n\t\t\t\t\t<h5><strong>AB HARDBR\u00dcCKE<\/strong><\/h5>\n<p>Tram 4 bis Toni-Areal<\/p>\n<h5>AB Z<strong>\u00dcRICH HB<\/strong><\/h5>\n<p>Tram 4 bis Toni-Areal<\/p>\n<p>Betrete das Geb\u00e4ude durch den Migros-Eingang und folge der Beschilderung \u201eSalsarica &amp; Bananenreiferei&#187;. Das Begr\u00fcssungsteam steht draussen bereit, um dir den Weg zu weisen.<\/p>\n<p><strong><a href=\"https:\/\/www.sbb.ch\/de\/home.html\" rel=\"noopener\">PLANE DEINE ROUTE<\/a> <a href=\"https:\/\/www.sbb.ch\/en\/home.html\" target=\"_blank\" rel=\"noopener\"><img loading=\"lazy\" decoding=\"async\" src=\"https:\/\/cdn0.iconfinder.com\/data\/icons\/selection-and-cursors-2\/100\/click-1024.png\" alt=\"Click icon - Download on Iconfinder on Iconfinder\" width=\"23\" height=\"23\" \/><\/a><\/strong><\/p>\n<p><a href=\"https:\/\/staging.c3zurich.ch\/wp-content\/uploads\/2023\/08\/C3-Walking-Guide-2023.pdf\"><strong>KLICKE HIER F<\/strong><strong>\u00dcR EINE WEGBESCHREIBUNG<\/strong> <\/a><strong><a href=\"https:\/\/www.sbb.ch\/en\/home.html\" target=\"_blank\" rel=\"noopener\"><img loading=\"lazy\" decoding=\"async\" src=\"https:\/\/cdn0.iconfinder.com\/data\/icons\/selection-and-cursors-2\/100\/click-1024.png\" alt=\"Click icon - Download on Iconfinder on Iconfinder\" width=\"23\" height=\"23\" \/><\/a><\/strong><\/p>\n\t\t\t\t\t<a href=\"javascript:void(0);\" id=\"fl-accordion--label-1\" tabindex=\"0\" aria-controls=\"fl-accordion--panel-1\">MIT DEM AUTO<\/a>\n\t\t\t\t\t\t\t\t\t\t\t<a href=\"#\" id=\"fl-accordion--icon-1\" tabindex=\"-1\" aria-controls=\"fl-accordion--panel-1\"><i>Expand<\/i><\/a>\n\t\t\t\t\t<h5><strong>GPS-Adresse: Bananenreiferei, Pfingstweidstrasse 101, 8005 Z\u00fcrich<\/strong><\/h5>\n<p>Parkpl\u00e4tze stehen auf dem Migros-Parkdeck zur Verf\u00fcgung, das \u00fcber die Pfingstweidstrasse erreichbar ist (achten Sie auf die Wendeltreppe).<\/p>\n<p>1 Stunde ist gratis, danach geb\u00fchrenpflichtig von 6-18 Uhr Montag-Sonntag 1\/2h CHF 1.50 \/ 18-6h alle 1\/2h CHF 0.70<\/p>\n<h2>\n\t\tN\u00c4CHSTER SONNTAGSGOTTESDIENST\n\t<\/h2>\n\t\n\t\t\t<a href=\"\/de\/gottesdienste#find-us\" target=\"_self\" rel=\"noopener\">\n\t\t\t\t\t\t\tBist du das erste Mal auf unserer Homepage? Entdecke unsere Gottesdienste\n\t\t\t\t\t<\/a>\n<h2>\n\t\tAlle wichtigen Informationen\n\t<\/h2>\n\t<h4>Kids &amp; Teens Programm<\/h4>\n\t<p>Vom Kleinkind bis zu den Teenies &#8211; wir haben Lobpreis und Sonntagschule f\u00fcr jede Altersstufe<\/p>\n\t\t\t<a href=\"\/de\/kindergottesdienste\/\" target=\"_self\" rel=\"noopener\">\n\t\t\t\t\t\t\tMehr\n\t\t\t\t\t<\/a>\n\t<h4>\u00dcbersetzung<\/h4>\n\t<p>Alle unsere Gottesdienste sind zweisprachig auf Englisch und Schweizerdeutsch<\/p>\n\t<img decoding=\"async\" src=\"https:\/\/img.icons8.com\/ios\/50\/000000\/play-button-circled--v1.png\"\/>\n\t<h4>Kirche online<\/h4>\n\t<p>Wir streamen live auf YouTube jeden Sonntag unseren Gottesdienst<\/p>\n\t\t\t<a href=\"\/de\/kirche-online\/\" target=\"_self\" rel=\"noopener\">\n\t\t\t\t\t\t\tSchau es jetzt an\n\t\t\t\t\t<\/a>\n\t<p>Connect Groups<\/p>\n\t<p>Erlebe Kirche auch unter der Woche in einer Connectgroup<\/p>\n\t\t\t<a href=\"https:\/\/staging.c3zurich.churchcenter.com\/groups\/connect-groups\" target=\"_self\" rel=\"noopener\">\n\t\t\t\t\t\t\tMehr\n\t\t\t\t\t<\/a>\n\n","protected":false},"excerpt":{"rendered":"<p>Gottesdienst Sonntag Wir m\u00f6chten eine Atmosph\u00e4re schaffen, in der du leicht eine Beziehung zu Gott und den Menschen aufbauen kannst. Bei unseren Gottesdiensten steht Jesus im Mittelpunkt und sie sollen Menschen aufbauen, also auch dich. Zum ersten Mal hier? Kontaktieren Sie uns! SO FINDEST DU UNS WAS DICH ERWARTET Sei ein Teil unserer Gottesdienste. Sei [&hellip;]<\/p>\n","protected":false},"author":2,"featured_media":10247,"parent":0,"menu_order":0,"comment_status":"closed","ping_status":"closed","template":"my-templates\/no-title-template.php","meta":{"inline_featured_image":false,"_monsterinsights_skip_tracking":false,"_monsterinsights_sitenote_active":false,"_monsterinsights_sitenote_note":"","_monsterinsights_sitenote_category":0,"_genesis_hide_title":false,"_genesis_hide_breadcrumbs":false,"_genesis_hide_singular_image":false,"_genesis_hide_footer_widgets":false,"_genesis_custom_body_class":"","_genesis_custom_post_class":"","_genesis_layout":"","footnotes":""},"class_list":{"0":"post-5987","1":"page","2":"type-page","3":"status-publish","4":"has-post-thumbnail","6":"entry"},"yoast_head":"<!-- This site is optimized with the Yoast SEO plugin v24.3 - https:\/\/yoast.com\/wordpress\/plugins\/seo\/ -->\n<title>Gottesdienst | C3 Z\u00fcrich<\/title>\n<meta name=\"robots\" content=\"noindex, follow, max-snippet:-1, max-image-preview:large, max-video-preview:-1\" \/>\n<meta property=\"og:locale\" content=\"de_DE\" \/>\n<meta property=\"og:type\" content=\"article\" \/>\n<meta property=\"og:title\" content=\"Gottesdienst | C3 Z\u00fcrich\" \/>\n<meta property=\"og:description\" content=\"Gottesdienst Sonntag Wir m\u00f6chten eine Atmosph\u00e4re schaffen, in der du leicht eine Beziehung zu Gott und den Menschen aufbauen kannst. Bei unseren Gottesdiensten steht Jesus im Mittelpunkt und sie sollen Menschen aufbauen, also auch dich. Zum ersten Mal hier? Kontaktieren Sie uns! SO FINDEST DU UNS WAS DICH ERWARTET Sei ein Teil unserer Gottesdienste. Sei [&hellip;]\" \/>\n<meta property=\"og:url\" content=\"https:\/\/staging.c3zurich.ch\/de\/gottesdienste\/\" \/>\n<meta property=\"og:site_name\" content=\"C3 Z\u00fcrich\" \/>\n<meta property=\"article:publisher\" content=\"https:\/\/www.facebook.com\/C3Zurich\/\" \/>\n<meta property=\"article:modified_time\" content=\"2025-01-11T17:03:17+00:00\" \/>\n<meta property=\"og:image\" content=\"https:\/\/staging.c3zurich.ch\/wp-content\/uploads\/2022\/03\/cropped-2.png\" \/>\n\t<meta property=\"og:image:width\" content=\"512\" \/>\n\t<meta property=\"og:image:height\" content=\"512\" \/>\n\t<meta property=\"og:image:type\" content=\"image\/png\" \/>\n<meta name=\"twitter:card\" content=\"summary_large_image\" \/>\n<meta name=\"twitter:site\" content=\"@c3zurich\" \/>\n<meta name=\"twitter:label1\" content=\"Gesch\u00e4tzte Lesezeit\" \/>\n\t<meta name=\"twitter:data1\" content=\"3 Minuten\" \/>\n<script type=\"application\/ld+json\" class=\"yoast-schema-graph\">{\"@context\":\"https:\/\/schema.org\",\"@graph\":[{\"@type\":\"WebPage\",\"@id\":\"https:\/\/staging.c3zurich.ch\/de\/gottesdienste\/\",\"url\":\"https:\/\/staging.c3zurich.ch\/de\/gottesdienste\/\",\"name\":\"Gottesdienst | C3 Z\u00fcrich\",\"isPartOf\":{\"@id\":\"https:\/\/staging.c3zurich.ch\/#website\"},\"primaryImageOfPage\":{\"@id\":\"https:\/\/staging.c3zurich.ch\/de\/gottesdienste\/#primaryimage\"},\"image\":{\"@id\":\"https:\/\/staging.c3zurich.ch\/de\/gottesdienste\/#primaryimage\"},\"thumbnailUrl\":\"https:\/\/staging.c3zurich.ch\/wp-content\/uploads\/2022\/03\/cropped-2.png\",\"datePublished\":\"2018-08-04T11:24:00+00:00\",\"dateModified\":\"2025-01-11T17:03:17+00:00\",\"inLanguage\":\"de-CH\",\"potentialAction\":[{\"@type\":\"ReadAction\",\"target\":[\"https:\/\/staging.c3zurich.ch\/de\/gottesdienste\/\"]}]},{\"@type\":\"ImageObject\",\"inLanguage\":\"de-CH\",\"@id\":\"https:\/\/staging.c3zurich.ch\/de\/gottesdienste\/#primaryimage\",\"url\":\"https:\/\/staging.c3zurich.ch\/wp-content\/uploads\/2022\/03\/cropped-2.png\",\"contentUrl\":\"https:\/\/staging.c3zurich.ch\/wp-content\/uploads\/2022\/03\/cropped-2.png\",\"width\":512,\"height\":512},{\"@type\":\"WebSite\",\"@id\":\"https:\/\/staging.c3zurich.ch\/#website\",\"url\":\"https:\/\/staging.c3zurich.ch\/\",\"name\":\"C3 Z\u00fcrich\",\"description\":\"Eine Glaubensgemeinschaft im Zentrum von Z\u00fcrich mit Gottesdiensten in Mundart und Englisch\",\"publisher\":{\"@id\":\"https:\/\/staging.c3zurich.ch\/#organization\"},\"potentialAction\":[{\"@type\":\"SearchAction\",\"target\":{\"@type\":\"EntryPoint\",\"urlTemplate\":\"https:\/\/staging.c3zurich.ch\/?s={search_term_string}\"},\"query-input\":{\"@type\":\"PropertyValueSpecification\",\"valueRequired\":true,\"valueName\":\"search_term_string\"}}],\"inLanguage\":\"de-CH\"},{\"@type\":\"Organization\",\"@id\":\"https:\/\/staging.c3zurich.ch\/#organization\",\"name\":\"C3 Church Zurich\",\"url\":\"https:\/\/staging.c3zurich.ch\/\",\"logo\":{\"@type\":\"ImageObject\",\"inLanguage\":\"de-CH\",\"@id\":\"https:\/\/staging.c3zurich.ch\/#\/schema\/logo\/image\/\",\"url\":\"https:\/\/staging.c3zurich.ch\/wp-content\/uploads\/2022\/03\/cropped-2.png\",\"contentUrl\":\"https:\/\/staging.c3zurich.ch\/wp-content\/uploads\/2022\/03\/cropped-2.png\",\"width\":512,\"height\":512,\"caption\":\"C3 Church Zurich\"},\"image\":{\"@id\":\"https:\/\/staging.c3zurich.ch\/#\/schema\/logo\/image\/\"},\"sameAs\":[\"https:\/\/www.facebook.com\/C3Zurich\/\",\"https:\/\/x.com\/c3zurich\",\"https:\/\/www.instagram.com\/c3zurich\/\"]}]}<\/script>\n<!-- \/ Yoast SEO plugin. -->","yoast_head_json":{"title":"Gottesdienst | C3 Z\u00fcrich","robots":{"index":"noindex","follow":"follow","max-snippet":"max-snippet:-1","max-image-preview":"max-image-preview:large","max-video-preview":"max-video-preview:-1"},"og_locale":"de_DE","og_type":"article","og_title":"Gottesdienst | C3 Z\u00fcrich","og_description":"Gottesdienst Sonntag Wir m\u00f6chten eine Atmosph\u00e4re schaffen, in der du leicht eine Beziehung zu Gott und den Menschen aufbauen kannst. Bei unseren Gottesdiensten steht Jesus im Mittelpunkt und sie sollen Menschen aufbauen, also auch dich. Zum ersten Mal hier? Kontaktieren Sie uns! SO FINDEST DU UNS WAS DICH ERWARTET Sei ein Teil unserer Gottesdienste. Sei [&hellip;]","og_url":"https:\/\/staging.c3zurich.ch\/de\/gottesdienste\/","og_site_name":"C3 Z\u00fcrich","article_publisher":"https:\/\/www.facebook.com\/C3Zurich\/","article_modified_time":"2025-01-11T17:03:17+00:00","og_image":[{"width":512,"height":512,"url":"https:\/\/staging.c3zurich.ch\/wp-content\/uploads\/2022\/03\/cropped-2.png","type":"image\/png"}],"twitter_card":"summary_large_image","twitter_site":"@c3zurich","twitter_misc":{"Gesch\u00e4tzte Lesezeit":"3 Minuten"},"schema":{"@context":"https:\/\/schema.org","@graph":[{"@type":"WebPage","@id":"https:\/\/staging.c3zurich.ch\/de\/gottesdienste\/","url":"https:\/\/staging.c3zurich.ch\/de\/gottesdienste\/","name":"Gottesdienst | C3 Z\u00fcrich","isPartOf":{"@id":"https:\/\/staging.c3zurich.ch\/#website"},"primaryImageOfPage":{"@id":"https:\/\/staging.c3zurich.ch\/de\/gottesdienste\/#primaryimage"},"image":{"@id":"https:\/\/staging.c3zurich.ch\/de\/gottesdienste\/#primaryimage"},"thumbnailUrl":"https:\/\/staging.c3zurich.ch\/wp-content\/uploads\/2022\/03\/cropped-2.png","datePublished":"2018-08-04T11:24:00+00:00","dateModified":"2025-01-11T17:03:17+00:00","inLanguage":"de-CH","potentialAction":[{"@type":"ReadAction","target":["https:\/\/staging.c3zurich.ch\/de\/gottesdienste\/"]}]},{"@type":"ImageObject","inLanguage":"de-CH","@id":"https:\/\/staging.c3zurich.ch\/de\/gottesdienste\/#primaryimage","url":"https:\/\/staging.c3zurich.ch\/wp-content\/uploads\/2022\/03\/cropped-2.png","contentUrl":"https:\/\/staging.c3zurich.ch\/wp-content\/uploads\/2022\/03\/cropped-2.png","width":512,"height":512},{"@type":"WebSite","@id":"https:\/\/staging.c3zurich.ch\/#website","url":"https:\/\/staging.c3zurich.ch\/","name":"C3 Z\u00fcrich","description":"Eine Glaubensgemeinschaft im Zentrum von Z\u00fcrich mit Gottesdiensten in Mundart und Englisch","publisher":{"@id":"https:\/\/staging.c3zurich.ch\/#organization"},"potentialAction":[{"@type":"SearchAction","target":{"@type":"EntryPoint","urlTemplate":"https:\/\/staging.c3zurich.ch\/?s={search_term_string}"},"query-input":{"@type":"PropertyValueSpecification","valueRequired":true,"valueName":"search_term_string"}}],"inLanguage":"de-CH"},{"@type":"Organization","@id":"https:\/\/staging.c3zurich.ch\/#organization","name":"C3 Church Zurich","url":"https:\/\/staging.c3zurich.ch\/","logo":{"@type":"ImageObject","inLanguage":"de-CH","@id":"https:\/\/staging.c3zurich.ch\/#\/schema\/logo\/image\/","url":"https:\/\/staging.c3zurich.ch\/wp-content\/uploads\/2022\/03\/cropped-2.png","contentUrl":"https:\/\/staging.c3zurich.ch\/wp-content\/uploads\/2022\/03\/cropped-2.png","width":512,"height":512,"caption":"C3 Church Zurich"},"image":{"@id":"https:\/\/staging.c3zurich.ch\/#\/schema\/logo\/image\/"},"sameAs":["https:\/\/www.facebook.com\/C3Zurich\/","https:\/\/x.com\/c3zurich","https:\/\/www.instagram.com\/c3zurich\/"]}]}},"_links":{"self":[{"href":"https:\/\/staging.c3zurich.ch\/de\/wp-json\/wp\/v2\/pages\/5987","targetHints":{"allow":["GET"]}}],"collection":[{"href":"https:\/\/staging.c3zurich.ch\/de\/wp-json\/wp\/v2\/pages"}],"about":[{"href":"https:\/\/staging.c3zurich.ch\/de\/wp-json\/wp\/v2\/types\/page"}],"author":[{"embeddable":true,"href":"https:\/\/staging.c3zurich.ch\/de\/wp-json\/wp\/v2\/users\/2"}],"replies":[{"embeddable":true,"href":"https:\/\/staging.c3zurich.ch\/de\/wp-json\/wp\/v2\/comments?post=5987"}],"version-history":[{"count":47,"href":"https:\/\/staging.c3zurich.ch\/de\/wp-json\/wp\/v2\/pages\/5987\/revisions"}],"predecessor-version":[{"id":12228,"href":"https:\/\/staging.c3zurich.ch\/de\/wp-json\/wp\/v2\/pages\/5987\/revisions\/12228"}],"wp:featuredmedia":[{"embeddable":true,"href":"https:\/\/staging.c3zurich.ch\/de\/wp-json\/wp\/v2\/media\/10247"}],"wp:attachment":[{"href":"https:\/\/staging.c3zurich.ch\/de\/wp-json\/wp\/v2\/media?parent=5987"}],"curies":[{"name":"wp","href":"https:\/\/api.w.org\/{rel}","templated":true}]}}