{"id":9615,"date":"2021-10-28T19:37:36","date_gmt":"2021-10-28T17:37:36","guid":{"rendered":"https:\/\/staging.c3zurich.ch\/?page_id=9615"},"modified":"2025-04-05T16:21:17","modified_gmt":"2025-04-05T14:21:17","slug":"commission","status":"publish","type":"page","link":"https:\/\/staging.c3zurich.ch\/de\/commission\/","title":{"rendered":"Commission"},"content":{"rendered":"\n\n\t<h1>C3ZH COMMISION<\/h1>\nUnser Kommissionsteam widmet sich der Umsetzung der Lehren Jesu. Wir bem\u00fchen uns, daf\u00fcr zu sorgen, dass sich jeder bei C3 Z\u00fcrich zugeh\u00f6rig f\u00fchlt und in allen Lebensbereichen w\u00e4chst, um ein hingebungsvoller Nachfolger Jesu zu werden. Wir wollen auch andere dazu inspirieren, die gute Nachricht zu teilen und eine Verbindung zu Jesus herzustellen, sowohl lokal als auch global. Um mehr zu erfahren oder sich zu engagieren, <a href=\"https:\/\/staging.c3zurich.churchcenter.com\/groups\/ministry-teams\/comission-team\" target=\"_blank\" rel=\"noopener\">kontaktiere Anna und Severin<\/a>.\n\t<iframe loading=\"lazy\" width=\"560\" height=\"315\" src=\"https:\/\/www.youtube.com\/embed\/w7HdQ6vIlko?si=AjxdoCTs4XeE6ESe\" title=\"YouTube video player\" frameborder=\"0\" allow=\"accelerometer; autoplay; clipboard-write; encrypted-media; gyroscope; picture-in-picture; web-share\" referrerpolicy=\"strict-origin-when-cross-origin\" allowfullscreen><\/iframe>\n\t<div class=\"give-embed-form-wrapper\" id=\"give-69f17093c93ca\"><iframe\n\t\t\t\tname=\"give-embed-form\"\n\t\t\t\tsrc=\"https:\/\/staging.c3zurich.ch\/de\/give\/8777-2\/?giveDonationFormInIframe=1\"\n\t\t\t\t\n\t\t\t\tdata-autoScroll=\"0\"\n\t\t\t\tonload=\"if( 'undefined' !== typeof Give ) { Give.initializeIframeResize(this) }\"\n\t\t\t\tstyle=\"border: 0;visibility: hidden;min-height: 645px;\"><\/iframe><div class=\"iframe-loader\">\n<div style=\"\n\t\theight: calc(100% - 28px);\n\t\twidth: calc(100% - 20px);\n\t\tmax-width: 552px;\n\t\tmargin: 10px auto 10px auto;\n\t\tbackground: #fff;\n\t\tborder-radius: 6px;\n\t\tdisplay: flex;\n\t\talign-items: center;\n\t\tjustify-content: center;\n\t\t-webkit-box-shadow: 0 2px 2px 0 rgba(0, 0, 0, 0.14),\n\t\t\t0 3px 1px -2px rgba(0, 0, 0, 0.2),\n\t\t\t0 1px 5px 0 rgba(0, 0, 0, 0.12);\n\t\tbox-shadow: 0 2px 2px 0 rgba(0, 0, 0, 0.14),\n\t\t\t0 3px 1px -2px rgba(0, 0, 0, 0.2),\n\t\t\t0 1px 5px 0 rgba(0, 0, 0, 0.12);\n\t\">\n    <div style=\"\n        pointer-events: none;\n        height: 90px;\n        width: 90px;\n        background-image: url(&quot;data:image\/svg+xml;charset=utf8,%3C?xml version='1.0' encoding='utf-8'?%3E%3C!-- Generator: Adobe Illustrator 24.1.0, SVG Export Plug-In . SVG Version: 6.00 Build 0) --%3E%3Csvg version='1.1' id='Layer_1' xmlns='http:\/\/www.w3.org\/2000\/svg' xmlns:xlink='http:\/\/www.w3.org\/1999\/xlink' x='0px' y='0px' viewBox='0 0 349 348' style='enable-background:new 0 0 349 348;' xml:space='preserve'%3E%3Cstyle type='text\/css'%3E .st0{fill:%23dabe82;} %3C\/style%3E%3Cpath class='st0' d='M25.1,204.57c-13.38,0-24.47-10.6-24.97-24.08C0.04,178.09,0,175.97,0,174C0,77.78,78.28-0.5,174.5-0.5 c13.81,0,25,11.19,25,25s-11.19,25-25,25C105.85,49.5,50,105.35,50,174c0,1.37,0.03,2.85,0.1,4.65c0.51,13.8-10.27,25.39-24.07,25.9 C25.72,204.56,25.41,204.57,25.1,204.57z'\/%3E%3Cpath class='st0' d='M174.5,348.5c-13.81,0-25-11.19-25-25c0-13.81,11.19-25,25-25c68.65,0,124.5-55.85,124.5-124.5 c0-1.38-0.03-2.85-0.1-4.65c-0.51-13.8,10.26-25.4,24.06-25.91c13.83-0.53,25.4,10.26,25.91,24.06c0.09,2.39,0.13,4.51,0.13,6.49 C349,270.22,270.72,348.5,174.5,348.5z'\/%3E%3C\/svg%3E&quot;);\n        animation: spin 0.6s linear infinite;\n        \"><\/div>\n<\/div>\n<\/div><\/div>\n<h2>\n\t\tCompassion Team\n\t<\/h2>\n\t<p>AiMeng und Marc haben ein dienendes Herz. Deshalb haben sie das Compassion Team gegr\u00fcndet. Ein Aspekt davon ist der Compassion Fond, welcher den C3 Mitgliedern in ihren finanziellen N\u00f6ten aushilft. Zudem initiieren und unterst\u00fctzen sie diverse Projekte, durch welche sie Personen in Z\u00fcrich unterst\u00fctzen. Hier findest du das <a href=\"https:\/\/staging.c3zurich.ch\/wp-content\/uploads\/2021\/02\/COMMUNITY-REFERRAL-NOTEBOOK-FEB-2021.pdf\" target=\"_blank\" rel=\"noopener\">Gemeindeempfehlungs-Dokument<\/a> und die <a href=\"https:\/\/staging.c3zurich.ch\/wp-content\/uploads\/2020\/12\/C3-Voluntary-Work-Guide.pdf\" target=\"_blank\" rel=\"noopener\">Freiwilligen-Mitarbeits-Anleitung.<\/a><\/p>\n\t\t\t<a href=\"https:\/\/www.youtube.com\/watch?v=1CoD0N3UQvY\" role=\"button\">\n\t\t\t\t\t\tMehr Infos\n\t\t\t\t\t<\/a>\n<h2>\n\t\tStreet Work &#8211; Shaynah\n\t<\/h2>\n\t<p>Der Verein Shaynah unterst\u00fctzt Frauen, welche in prostitution gefangen sind, in Z\u00fcrich. Indem sie Zeit mit diesen Frauen verbringen fokussieren sich darauf, ihnen zu zeigen, dass sie geliebt sind.<\/p>\n\t\t\t<a href=\"https:\/\/youtu.be\/N5LMcAdcnYE\" role=\"button\">\n\t\t\t\t\t\tMehr Infos\n\t\t\t\t\t<\/a>\n<h2>\n\t\tGrace C3 Ehe Dienst\n\t<\/h2>\n\t<p>Der C3 Ehe Dienst existiert, um eine der besten Institutionen, die Gott in die Welt gesetzt hat zu unterst\u00fctzen: Ehe. Wenn du deine Ehe von einer biblischen Perspektive betrachtest, ist deine Ehe nicht nur eine legale \u00dcbereinkunft, sondern auch ein heiliger geweihter Bund. Gott m\u00f6chte, dass deine Ehe die ersichtliche Repr\u00e4sentation von Christus und seiner Beziehung mit der Kirche (seiner Braut) ist. Mit mehr als 40 Jahren Ehe-Erfahrung, ist das C3 Ehe Team bereit (mit Gottes Hilfe), deine Ehe zu unterst\u00fctzen, mit allem was Gott beabsichtigt hat.<\/p>\n<h2>\n\t\tMoney Course\n\t<\/h2>\n\t<p>Mit seinem fundierten Wissen vom schweizer Finanzsystem offeriert Yann Kurse, in welchen die Teilnehmer lernen d\u00fcrfen Geld n\u00fctzlich zu verwenden, statt vom Geld kontrolliert zu werden.<\/p>\n\t\t\t<a href=\"https:\/\/www.mymoneyplan.ch\/\" target=\"_blank\" rel=\"noopener\">\n\t\t\t\t\t\t\tMehr Infos\n\t\t\t\t\t<\/a>\n<h2>\n\t\tC3 Ni\u0161 Serbia\n\t<\/h2>\n\t<p>Durch vermehrte Besuche entstand eine tiefe Freundschaft mit den Mitgliedern von C3 Ni\u0161. Wir haben das Privileg diese Gemeinde zu unterst\u00fctzen und von ihnen zu lernen.<\/p>\n<h2>\n\t\tC3 Stara Zgora Bulgaria\n\t<\/h2>\n\t<p>Wir durften C3 Bulgarien bei der Anschaffung eines neuen Geb\u00e4udes unterst\u00fctzen. Wir freuen uns zu sehen, wie dies ihnen helfen darf in ihrer Gemeinschaft zu wachsen.<\/p>\n\t\t\t<a href=\"https:\/\/www.youtube.com\/watch?v=DtfAxTtoxXM\" role=\"button\">\n\t\t\t\t\t\tMehr Infos\n\t\t\t\t\t<\/a>\n<h2>\n\t\tIndia\n\t<\/h2>\n\t<p>Als Mukesh von Indien die Not der Leute in den Slums erlebte war sein Herz tief bewegt. Seit dann unterst\u00fctzt er dort die Leute in ihren N\u00f6ten. Als C3 Z\u00fcrich durften wir \u00fcber ihn bereits Essen f\u00fcr Leute bereitstellen, welche durch die Pandemie alles verloren haben.<\/p>\n\t\t\t<a href=\"https:\/\/www.youtube.com\/watch?v=8KgDcSust0s\" role=\"button\">\n\t\t\t\t\t\tLearn More\n\t\t\t\t\t<\/a>\n<h2>\n\t\tNepal\n\t<\/h2>\n\t<p>Pastor Krish wurde auf sehr unerwartete Art Christ. W\u00e4hrend drei Jahren verbreitete er das Christentum, ohne auch nur schon Zugang zu einer Bibel zu haben. Seit dann hat er zahllose Kirchen gegr\u00fcndet. Weiter hat er auch die Himalayen English School gegr\u00fcndet, durch welche er jetzt Ausbildung den Armen erm\u00f6glicht, welche sich dies nicht leisten k\u00f6nnen.<\/p>\n\n","protected":false},"excerpt":{"rendered":"<p>C3ZH COMMISION Unser Kommissionsteam widmet sich der Umsetzung der Lehren Jesu. Wir bem\u00fchen uns, daf\u00fcr zu sorgen, dass sich jeder bei C3 Z\u00fcrich zugeh\u00f6rig f\u00fchlt und in allen Lebensbereichen w\u00e4chst, um ein hingebungsvoller Nachfolger Jesu zu werden. Wir wollen auch andere dazu inspirieren, die gute Nachricht zu teilen und eine Verbindung zu Jesus herzustellen, sowohl [&hellip;]<\/p>\n","protected":false},"author":10,"featured_media":9579,"parent":0,"menu_order":0,"comment_status":"closed","ping_status":"closed","template":"my-templates\/no-title-template.php","meta":{"inline_featured_image":false,"_monsterinsights_skip_tracking":false,"_monsterinsights_sitenote_active":false,"_monsterinsights_sitenote_note":"","_monsterinsights_sitenote_category":0,"_genesis_hide_title":false,"_genesis_hide_breadcrumbs":false,"_genesis_hide_singular_image":false,"_genesis_hide_footer_widgets":false,"_genesis_custom_body_class":"","_genesis_custom_post_class":"","_genesis_layout":"","footnotes":""},"class_list":{"0":"post-9615","1":"page","2":"type-page","3":"status-publish","4":"has-post-thumbnail","6":"entry"},"yoast_head":"<!-- This site is optimized with the Yoast SEO plugin v24.3 - https:\/\/yoast.com\/wordpress\/plugins\/seo\/ -->\n<title>Commission | C3 Z\u00fcrich<\/title>\n<meta name=\"robots\" content=\"noindex, follow, max-snippet:-1, max-image-preview:large, max-video-preview:-1\" \/>\n<meta property=\"og:locale\" content=\"de_DE\" \/>\n<meta property=\"og:type\" content=\"article\" \/>\n<meta property=\"og:title\" content=\"Commission | C3 Z\u00fcrich\" \/>\n<meta property=\"og:description\" content=\"C3ZH COMMISION Unser Kommissionsteam widmet sich der Umsetzung der Lehren Jesu. Wir bem\u00fchen uns, daf\u00fcr zu sorgen, dass sich jeder bei C3 Z\u00fcrich zugeh\u00f6rig f\u00fchlt und in allen Lebensbereichen w\u00e4chst, um ein hingebungsvoller Nachfolger Jesu zu werden. Wir wollen auch andere dazu inspirieren, die gute Nachricht zu teilen und eine Verbindung zu Jesus herzustellen, sowohl [&hellip;]\" \/>\n<meta property=\"og:url\" content=\"https:\/\/staging.c3zurich.ch\/de\/commission\/\" \/>\n<meta property=\"og:site_name\" content=\"C3 Z\u00fcrich\" \/>\n<meta property=\"article:publisher\" content=\"https:\/\/www.facebook.com\/C3Zurich\/\" \/>\n<meta property=\"article:modified_time\" content=\"2025-04-05T14:21:17+00:00\" \/>\n<meta property=\"og:image\" content=\"https:\/\/staging.c3zurich.ch\/wp-content\/uploads\/2021\/10\/YouTube-Thumbnails-2.jpg\" \/>\n\t<meta property=\"og:image:width\" content=\"1920\" \/>\n\t<meta property=\"og:image:height\" content=\"1080\" \/>\n\t<meta property=\"og:image:type\" content=\"image\/jpeg\" \/>\n<meta name=\"twitter:card\" content=\"summary_large_image\" \/>\n<meta name=\"twitter:site\" content=\"@c3zurich\" \/>\n<meta name=\"twitter:label1\" content=\"Gesch\u00e4tzte Lesezeit\" \/>\n\t<meta name=\"twitter:data1\" content=\"2 Minuten\" \/>\n<script type=\"application\/ld+json\" class=\"yoast-schema-graph\">{\"@context\":\"https:\/\/schema.org\",\"@graph\":[{\"@type\":\"WebPage\",\"@id\":\"https:\/\/staging.c3zurich.ch\/de\/commission\/\",\"url\":\"https:\/\/staging.c3zurich.ch\/de\/commission\/\",\"name\":\"Commission | C3 Z\u00fcrich\",\"isPartOf\":{\"@id\":\"https:\/\/staging.c3zurich.ch\/#website\"},\"primaryImageOfPage\":{\"@id\":\"https:\/\/staging.c3zurich.ch\/de\/commission\/#primaryimage\"},\"image\":{\"@id\":\"https:\/\/staging.c3zurich.ch\/de\/commission\/#primaryimage\"},\"thumbnailUrl\":\"https:\/\/staging.c3zurich.ch\/wp-content\/uploads\/2021\/10\/YouTube-Thumbnails-2.jpg\",\"datePublished\":\"2021-10-28T17:37:36+00:00\",\"dateModified\":\"2025-04-05T14:21:17+00:00\",\"inLanguage\":\"de-CH\",\"potentialAction\":[{\"@type\":\"ReadAction\",\"target\":[\"https:\/\/staging.c3zurich.ch\/de\/commission\/\"]}]},{\"@type\":\"ImageObject\",\"inLanguage\":\"de-CH\",\"@id\":\"https:\/\/staging.c3zurich.ch\/de\/commission\/#primaryimage\",\"url\":\"https:\/\/staging.c3zurich.ch\/wp-content\/uploads\/2021\/10\/YouTube-Thumbnails-2.jpg\",\"contentUrl\":\"https:\/\/staging.c3zurich.ch\/wp-content\/uploads\/2021\/10\/YouTube-Thumbnails-2.jpg\",\"width\":1920,\"height\":1080},{\"@type\":\"WebSite\",\"@id\":\"https:\/\/staging.c3zurich.ch\/#website\",\"url\":\"https:\/\/staging.c3zurich.ch\/\",\"name\":\"C3 Z\u00fcrich\",\"description\":\"Eine Glaubensgemeinschaft im Zentrum von Z\u00fcrich mit Gottesdiensten in Mundart und Englisch\",\"publisher\":{\"@id\":\"https:\/\/staging.c3zurich.ch\/#organization\"},\"potentialAction\":[{\"@type\":\"SearchAction\",\"target\":{\"@type\":\"EntryPoint\",\"urlTemplate\":\"https:\/\/staging.c3zurich.ch\/?s={search_term_string}\"},\"query-input\":{\"@type\":\"PropertyValueSpecification\",\"valueRequired\":true,\"valueName\":\"search_term_string\"}}],\"inLanguage\":\"de-CH\"},{\"@type\":\"Organization\",\"@id\":\"https:\/\/staging.c3zurich.ch\/#organization\",\"name\":\"C3 Church Zurich\",\"url\":\"https:\/\/staging.c3zurich.ch\/\",\"logo\":{\"@type\":\"ImageObject\",\"inLanguage\":\"de-CH\",\"@id\":\"https:\/\/staging.c3zurich.ch\/#\/schema\/logo\/image\/\",\"url\":\"https:\/\/staging.c3zurich.ch\/wp-content\/uploads\/2022\/03\/cropped-2.png\",\"contentUrl\":\"https:\/\/staging.c3zurich.ch\/wp-content\/uploads\/2022\/03\/cropped-2.png\",\"width\":512,\"height\":512,\"caption\":\"C3 Church Zurich\"},\"image\":{\"@id\":\"https:\/\/staging.c3zurich.ch\/#\/schema\/logo\/image\/\"},\"sameAs\":[\"https:\/\/www.facebook.com\/C3Zurich\/\",\"https:\/\/x.com\/c3zurich\",\"https:\/\/www.instagram.com\/c3zurich\/\"]}]}<\/script>\n<!-- \/ Yoast SEO plugin. -->","yoast_head_json":{"title":"Commission | C3 Z\u00fcrich","robots":{"index":"noindex","follow":"follow","max-snippet":"max-snippet:-1","max-image-preview":"max-image-preview:large","max-video-preview":"max-video-preview:-1"},"og_locale":"de_DE","og_type":"article","og_title":"Commission | C3 Z\u00fcrich","og_description":"C3ZH COMMISION Unser Kommissionsteam widmet sich der Umsetzung der Lehren Jesu. Wir bem\u00fchen uns, daf\u00fcr zu sorgen, dass sich jeder bei C3 Z\u00fcrich zugeh\u00f6rig f\u00fchlt und in allen Lebensbereichen w\u00e4chst, um ein hingebungsvoller Nachfolger Jesu zu werden. Wir wollen auch andere dazu inspirieren, die gute Nachricht zu teilen und eine Verbindung zu Jesus herzustellen, sowohl [&hellip;]","og_url":"https:\/\/staging.c3zurich.ch\/de\/commission\/","og_site_name":"C3 Z\u00fcrich","article_publisher":"https:\/\/www.facebook.com\/C3Zurich\/","article_modified_time":"2025-04-05T14:21:17+00:00","og_image":[{"width":1920,"height":1080,"url":"https:\/\/staging.c3zurich.ch\/wp-content\/uploads\/2021\/10\/YouTube-Thumbnails-2.jpg","type":"image\/jpeg"}],"twitter_card":"summary_large_image","twitter_site":"@c3zurich","twitter_misc":{"Gesch\u00e4tzte Lesezeit":"2 Minuten"},"schema":{"@context":"https:\/\/schema.org","@graph":[{"@type":"WebPage","@id":"https:\/\/staging.c3zurich.ch\/de\/commission\/","url":"https:\/\/staging.c3zurich.ch\/de\/commission\/","name":"Commission | C3 Z\u00fcrich","isPartOf":{"@id":"https:\/\/staging.c3zurich.ch\/#website"},"primaryImageOfPage":{"@id":"https:\/\/staging.c3zurich.ch\/de\/commission\/#primaryimage"},"image":{"@id":"https:\/\/staging.c3zurich.ch\/de\/commission\/#primaryimage"},"thumbnailUrl":"https:\/\/staging.c3zurich.ch\/wp-content\/uploads\/2021\/10\/YouTube-Thumbnails-2.jpg","datePublished":"2021-10-28T17:37:36+00:00","dateModified":"2025-04-05T14:21:17+00:00","inLanguage":"de-CH","potentialAction":[{"@type":"ReadAction","target":["https:\/\/staging.c3zurich.ch\/de\/commission\/"]}]},{"@type":"ImageObject","inLanguage":"de-CH","@id":"https:\/\/staging.c3zurich.ch\/de\/commission\/#primaryimage","url":"https:\/\/staging.c3zurich.ch\/wp-content\/uploads\/2021\/10\/YouTube-Thumbnails-2.jpg","contentUrl":"https:\/\/staging.c3zurich.ch\/wp-content\/uploads\/2021\/10\/YouTube-Thumbnails-2.jpg","width":1920,"height":1080},{"@type":"WebSite","@id":"https:\/\/staging.c3zurich.ch\/#website","url":"https:\/\/staging.c3zurich.ch\/","name":"C3 Z\u00fcrich","description":"Eine Glaubensgemeinschaft im Zentrum von Z\u00fcrich mit Gottesdiensten in Mundart und Englisch","publisher":{"@id":"https:\/\/staging.c3zurich.ch\/#organization"},"potentialAction":[{"@type":"SearchAction","target":{"@type":"EntryPoint","urlTemplate":"https:\/\/staging.c3zurich.ch\/?s={search_term_string}"},"query-input":{"@type":"PropertyValueSpecification","valueRequired":true,"valueName":"search_term_string"}}],"inLanguage":"de-CH"},{"@type":"Organization","@id":"https:\/\/staging.c3zurich.ch\/#organization","name":"C3 Church Zurich","url":"https:\/\/staging.c3zurich.ch\/","logo":{"@type":"ImageObject","inLanguage":"de-CH","@id":"https:\/\/staging.c3zurich.ch\/#\/schema\/logo\/image\/","url":"https:\/\/staging.c3zurich.ch\/wp-content\/uploads\/2022\/03\/cropped-2.png","contentUrl":"https:\/\/staging.c3zurich.ch\/wp-content\/uploads\/2022\/03\/cropped-2.png","width":512,"height":512,"caption":"C3 Church Zurich"},"image":{"@id":"https:\/\/staging.c3zurich.ch\/#\/schema\/logo\/image\/"},"sameAs":["https:\/\/www.facebook.com\/C3Zurich\/","https:\/\/x.com\/c3zurich","https:\/\/www.instagram.com\/c3zurich\/"]}]}},"_links":{"self":[{"href":"https:\/\/staging.c3zurich.ch\/de\/wp-json\/wp\/v2\/pages\/9615","targetHints":{"allow":["GET"]}}],"collection":[{"href":"https:\/\/staging.c3zurich.ch\/de\/wp-json\/wp\/v2\/pages"}],"about":[{"href":"https:\/\/staging.c3zurich.ch\/de\/wp-json\/wp\/v2\/types\/page"}],"author":[{"embeddable":true,"href":"https:\/\/staging.c3zurich.ch\/de\/wp-json\/wp\/v2\/users\/10"}],"replies":[{"embeddable":true,"href":"https:\/\/staging.c3zurich.ch\/de\/wp-json\/wp\/v2\/comments?post=9615"}],"version-history":[{"count":22,"href":"https:\/\/staging.c3zurich.ch\/de\/wp-json\/wp\/v2\/pages\/9615\/revisions"}],"predecessor-version":[{"id":12031,"href":"https:\/\/staging.c3zurich.ch\/de\/wp-json\/wp\/v2\/pages\/9615\/revisions\/12031"}],"wp:featuredmedia":[{"embeddable":true,"href":"https:\/\/staging.c3zurich.ch\/de\/wp-json\/wp\/v2\/media\/9579"}],"wp:attachment":[{"href":"https:\/\/staging.c3zurich.ch\/de\/wp-json\/wp\/v2\/media?parent=9615"}],"curies":[{"name":"wp","href":"https:\/\/api.w.org\/{rel}","templated":true}]}}